{"id":144,"date":"2022-06-01T16:59:43","date_gmt":"2022-06-01T14:59:43","guid":{"rendered":"https:\/\/ambre.ms.decms.eu\/chambres\/chambre-triple-superieure\/"},"modified":"2023-01-23T16:11:32","modified_gmt":"2023-01-23T15:11:32","slug":"camera-tripla-superior","status":"publish","type":"page","link":"https:\/\/hotelambreparis.com\/it\/camere\/camera-tripla-superior\/","title":{"rendered":"Camera tripla superior"},"content":{"rendered":"<p>Le camere triple offrono ancora pi\u00f9 spazio e sono progettate come mini monolocali. L&#8217;arredamento \u00e8 elegante e contemporaneo con colori neutri e luci soffuse. Per tutti gli ospiti del sito web, il parcheggio \u00e8 gratuito (se disponibile) si prega di chiamare la reception per la disponibilit\u00e0. I loro moderni bagni completamente piastrellati sono dotati di ampie vasche da bagno. La camera ha anche un angolo cottura attrezzato.<\/p>\n","protected":false},"excerpt":{"rendered":"<p>Le camere triple offrono ancora pi\u00f9 spazio e sono progettate come mini monolocali. L&#8217;arredamento \u00e8 elegante e contemporaneo con colori neutri e luci soffuse. Per tutti gli ospiti del sito web, il parcheggio \u00e8 gratuito (se disponibile) si prega di chiamare la reception per la disponibilit\u00e0. I loro moderni bagni completamente piastrellati sono dotati di [&hellip;]<\/p>\n","protected":false},"author":5,"featured_media":0,"parent":129,"menu_order":50,"comment_status":"closed","ping_status":"closed","template":"template-single-room.php","meta":{"footnotes":""},"class_list":["post-144","page","type-page","status-publish","hentry"],"yoast_head":"<!-- This site is optimized with the Yoast SEO plugin v26.9 - https:\/\/yoast.com\/product\/yoast-seo-wordpress\/ -->\n<title>Camera tripla superior - Ambre Hotel<\/title>\n<meta name=\"description\" content=\"Le camere triple offrono ancora pi\u00f9 spazio e sono progettate come mini monolocali. L&#039;arredamento \u00e8 elegante e contemporaneo con colori neutri e luci\" \/>\n<meta name=\"robots\" content=\"index, follow, max-snippet:-1, max-image-preview:large, max-video-preview:-1\" \/>\n<link rel=\"canonical\" href=\"https:\/\/hotelambreparis.com\/it\/camere\/camera-tripla-superior\/\" \/>\n<meta property=\"og:locale\" content=\"it_IT\" \/>\n<meta property=\"og:type\" content=\"article\" \/>\n<meta property=\"og:title\" content=\"Camera tripla superior - Ambre Hotel\" \/>\n<meta property=\"og:description\" content=\"Le camere triple offrono ancora pi\u00f9 spazio e sono progettate come mini monolocali. L&#039;arredamento \u00e8 elegante e contemporaneo con colori neutri e luci\" \/>\n<meta property=\"og:url\" content=\"https:\/\/hotelambreparis.com\/it\/camere\/camera-tripla-superior\/\" \/>\n<meta property=\"og:site_name\" content=\"Ambre Hotel\" \/>\n<meta property=\"article:modified_time\" content=\"2023-01-23T15:11:32+00:00\" \/>\n<meta name=\"twitter:card\" content=\"summary_large_image\" \/>\n<script type=\"application\/ld+json\" class=\"yoast-schema-graph\">{\"@context\":\"https:\/\/schema.org\",\"@graph\":[{\"@type\":\"WebPage\",\"@id\":\"https:\/\/hotelambreparis.com\/it\/camere\/camera-tripla-superior\/\",\"url\":\"https:\/\/hotelambreparis.com\/it\/camere\/camera-tripla-superior\/\",\"name\":\"Camera tripla superior - Ambre Hotel\",\"isPartOf\":{\"@id\":\"https:\/\/hotelambreparis.com\/it\/#website\"},\"datePublished\":\"2022-06-01T14:59:43+00:00\",\"dateModified\":\"2023-01-23T15:11:32+00:00\",\"description\":\"Le camere triple offrono ancora pi\u00f9 spazio e sono progettate come mini monolocali. L'arredamento \u00e8 elegante e contemporaneo con colori neutri e luci\",\"breadcrumb\":{\"@id\":\"https:\/\/hotelambreparis.com\/it\/camere\/camera-tripla-superior\/#breadcrumb\"},\"inLanguage\":\"it-IT\",\"potentialAction\":[{\"@type\":\"ReadAction\",\"target\":[\"https:\/\/hotelambreparis.com\/it\/camere\/camera-tripla-superior\/\"]}]},{\"@type\":\"BreadcrumbList\",\"@id\":\"https:\/\/hotelambreparis.com\/it\/camere\/camera-tripla-superior\/#breadcrumb\",\"itemListElement\":[{\"@type\":\"ListItem\",\"position\":1,\"name\":\"Accueil\",\"item\":\"https:\/\/hotelambreparis.com\/it\/\"},{\"@type\":\"ListItem\",\"position\":2,\"name\":\"Camere\",\"item\":\"https:\/\/hotelambreparis.com\/it\/camere\/\"},{\"@type\":\"ListItem\",\"position\":3,\"name\":\"Camera tripla superior\"}]},{\"@type\":\"WebSite\",\"@id\":\"https:\/\/hotelambreparis.com\/it\/#website\",\"url\":\"https:\/\/hotelambreparis.com\/it\/\",\"name\":\"Ambre Hotel\",\"description\":\"Un site utilisant ms.decms.eu\",\"potentialAction\":[{\"@type\":\"SearchAction\",\"target\":{\"@type\":\"EntryPoint\",\"urlTemplate\":\"https:\/\/hotelambreparis.com\/it\/?s={search_term_string}\"},\"query-input\":{\"@type\":\"PropertyValueSpecification\",\"valueRequired\":true,\"valueName\":\"search_term_string\"}}],\"inLanguage\":\"it-IT\"}]}<\/script>\n<!-- \/ Yoast SEO plugin. -->","yoast_head_json":{"title":"Camera tripla superior - Ambre Hotel","description":"Le camere triple offrono ancora pi\u00f9 spazio e sono progettate come mini monolocali. L'arredamento \u00e8 elegante e contemporaneo con colori neutri e luci","robots":{"index":"index","follow":"follow","max-snippet":"max-snippet:-1","max-image-preview":"max-image-preview:large","max-video-preview":"max-video-preview:-1"},"canonical":"https:\/\/hotelambreparis.com\/it\/camere\/camera-tripla-superior\/","og_locale":"it_IT","og_type":"article","og_title":"Camera tripla superior - Ambre Hotel","og_description":"Le camere triple offrono ancora pi\u00f9 spazio e sono progettate come mini monolocali. L'arredamento \u00e8 elegante e contemporaneo con colori neutri e luci","og_url":"https:\/\/hotelambreparis.com\/it\/camere\/camera-tripla-superior\/","og_site_name":"Ambre Hotel","article_modified_time":"2023-01-23T15:11:32+00:00","twitter_card":"summary_large_image","schema":{"@context":"https:\/\/schema.org","@graph":[{"@type":"WebPage","@id":"https:\/\/hotelambreparis.com\/it\/camere\/camera-tripla-superior\/","url":"https:\/\/hotelambreparis.com\/it\/camere\/camera-tripla-superior\/","name":"Camera tripla superior - Ambre Hotel","isPartOf":{"@id":"https:\/\/hotelambreparis.com\/it\/#website"},"datePublished":"2022-06-01T14:59:43+00:00","dateModified":"2023-01-23T15:11:32+00:00","description":"Le camere triple offrono ancora pi\u00f9 spazio e sono progettate come mini monolocali. L'arredamento \u00e8 elegante e contemporaneo con colori neutri e luci","breadcrumb":{"@id":"https:\/\/hotelambreparis.com\/it\/camere\/camera-tripla-superior\/#breadcrumb"},"inLanguage":"it-IT","potentialAction":[{"@type":"ReadAction","target":["https:\/\/hotelambreparis.com\/it\/camere\/camera-tripla-superior\/"]}]},{"@type":"BreadcrumbList","@id":"https:\/\/hotelambreparis.com\/it\/camere\/camera-tripla-superior\/#breadcrumb","itemListElement":[{"@type":"ListItem","position":1,"name":"Accueil","item":"https:\/\/hotelambreparis.com\/it\/"},{"@type":"ListItem","position":2,"name":"Camere","item":"https:\/\/hotelambreparis.com\/it\/camere\/"},{"@type":"ListItem","position":3,"name":"Camera tripla superior"}]},{"@type":"WebSite","@id":"https:\/\/hotelambreparis.com\/it\/#website","url":"https:\/\/hotelambreparis.com\/it\/","name":"Ambre Hotel","description":"Un site utilisant ms.decms.eu","potentialAction":[{"@type":"SearchAction","target":{"@type":"EntryPoint","urlTemplate":"https:\/\/hotelambreparis.com\/it\/?s={search_term_string}"},"query-input":{"@type":"PropertyValueSpecification","valueRequired":true,"valueName":"search_term_string"}}],"inLanguage":"it-IT"}]}},"acf":[],"_links":{"self":[{"href":"https:\/\/hotelambreparis.com\/it\/wp-json\/wp\/v2\/pages\/144","targetHints":{"allow":["GET"]}}],"collection":[{"href":"https:\/\/hotelambreparis.com\/it\/wp-json\/wp\/v2\/pages"}],"about":[{"href":"https:\/\/hotelambreparis.com\/it\/wp-json\/wp\/v2\/types\/page"}],"author":[{"embeddable":true,"href":"https:\/\/hotelambreparis.com\/it\/wp-json\/wp\/v2\/users\/5"}],"replies":[{"embeddable":true,"href":"https:\/\/hotelambreparis.com\/it\/wp-json\/wp\/v2\/comments?post=144"}],"version-history":[{"count":0,"href":"https:\/\/hotelambreparis.com\/it\/wp-json\/wp\/v2\/pages\/144\/revisions"}],"up":[{"embeddable":true,"href":"https:\/\/hotelambreparis.com\/it\/wp-json\/wp\/v2\/pages\/129"}],"wp:attachment":[{"href":"https:\/\/hotelambreparis.com\/it\/wp-json\/wp\/v2\/media?parent=144"}],"curies":[{"name":"wp","href":"https:\/\/api.w.org\/{rel}","templated":true}]}}