{"id":142,"date":"2022-06-01T16:59:43","date_gmt":"2022-06-01T14:59:43","guid":{"rendered":"https:\/\/ambre.ms.decms.eu\/chambres\/chambre-triple-superieure\/"},"modified":"2023-01-13T19:16:52","modified_gmt":"2023-01-13T18:16:52","slug":"chambre-triple-superieure","status":"publish","type":"page","link":"https:\/\/hotelambreparis.com\/en\/rooms\/chambre-triple-superieure\/","title":{"rendered":"Chambre Triple Sup\u00e9rieure"},"content":{"rendered":"<p>Les chambres triples offrent encore plus d&#8217;espace et sont con\u00e7ues comme des mini studios. Le d\u00e9cor est \u00e9l\u00e9gant et contemporain avec des couleurs neutres et un \u00e9clairage doux. Pour tous les clients du site Internet, la place de parking est gratuite (si elle est disponible) veuillez appeler la r\u00e9ception pour conna\u00eetre la disponibilit\u00e9. Leurs salles de bains modernes enti\u00e8rement carrel\u00e9es sont \u00e9quip\u00e9es de baignoires spacieuses. La chambre dispose \u00e9galement d&#8217;une kitchenette \u00e9quip\u00e9e.<\/p>\n","protected":false},"excerpt":{"rendered":"<p>Les chambres triples offrent encore plus d&#8217;espace et sont con\u00e7ues comme des mini studios. Le d\u00e9cor est \u00e9l\u00e9gant et contemporain avec des couleurs neutres et un \u00e9clairage doux. Pour tous les clients du site Internet, la place de parking est gratuite (si elle est disponible) veuillez appeler la r\u00e9ception pour conna\u00eetre la disponibilit\u00e9. Leurs salles [&hellip;]<\/p>\n","protected":false},"author":5,"featured_media":0,"parent":127,"menu_order":50,"comment_status":"closed","ping_status":"closed","template":"template-single-room.php","meta":{"footnotes":""},"class_list":["post-142","page","type-page","status-publish","hentry"],"yoast_head":"<!-- This site is optimized with the Yoast SEO plugin v26.9 - https:\/\/yoast.com\/product\/yoast-seo-wordpress\/ -->\n<title>Chambre Triple Sup\u00e9rieure - Ambre Hotel<\/title>\n<meta name=\"description\" content=\"Les chambres triples offrent encore plus d&#039;espace et sont con\u00e7ues comme des mini studios. Le d\u00e9cor est \u00e9l\u00e9gant et contemporain avec des couleurs neutres\" \/>\n<meta name=\"robots\" content=\"index, follow, max-snippet:-1, max-image-preview:large, max-video-preview:-1\" \/>\n<link rel=\"canonical\" href=\"https:\/\/hotelambreparis.com\/en\/rooms\/chambre-triple-superieure\/\" \/>\n<meta property=\"og:locale\" content=\"en_US\" \/>\n<meta property=\"og:type\" content=\"article\" \/>\n<meta property=\"og:title\" content=\"Chambre Triple Sup\u00e9rieure - Ambre Hotel\" \/>\n<meta property=\"og:description\" content=\"Les chambres triples offrent encore plus d&#039;espace et sont con\u00e7ues comme des mini studios. Le d\u00e9cor est \u00e9l\u00e9gant et contemporain avec des couleurs neutres\" \/>\n<meta property=\"og:url\" content=\"https:\/\/hotelambreparis.com\/en\/rooms\/chambre-triple-superieure\/\" \/>\n<meta property=\"og:site_name\" content=\"Ambre Hotel\" \/>\n<meta property=\"article:modified_time\" content=\"2023-01-13T18:16:52+00:00\" \/>\n<meta name=\"twitter:card\" content=\"summary_large_image\" \/>\n<script type=\"application\/ld+json\" class=\"yoast-schema-graph\">{\"@context\":\"https:\/\/schema.org\",\"@graph\":[{\"@type\":\"WebPage\",\"@id\":\"https:\/\/hotelambreparis.com\/en\/rooms\/chambre-triple-superieure\/\",\"url\":\"https:\/\/hotelambreparis.com\/en\/rooms\/chambre-triple-superieure\/\",\"name\":\"Chambre Triple Sup\u00e9rieure - Ambre Hotel\",\"isPartOf\":{\"@id\":\"https:\/\/hotelambreparis.com\/en\/#website\"},\"datePublished\":\"2022-06-01T14:59:43+00:00\",\"dateModified\":\"2023-01-13T18:16:52+00:00\",\"description\":\"Les chambres triples offrent encore plus d'espace et sont con\u00e7ues comme des mini studios. Le d\u00e9cor est \u00e9l\u00e9gant et contemporain avec des couleurs neutres\",\"breadcrumb\":{\"@id\":\"https:\/\/hotelambreparis.com\/en\/rooms\/chambre-triple-superieure\/#breadcrumb\"},\"inLanguage\":\"en-US\",\"potentialAction\":[{\"@type\":\"ReadAction\",\"target\":[\"https:\/\/hotelambreparis.com\/en\/rooms\/chambre-triple-superieure\/\"]}]},{\"@type\":\"BreadcrumbList\",\"@id\":\"https:\/\/hotelambreparis.com\/en\/rooms\/chambre-triple-superieure\/#breadcrumb\",\"itemListElement\":[{\"@type\":\"ListItem\",\"position\":1,\"name\":\"Accueil\",\"item\":\"https:\/\/hotelambreparis.com\/en\/\"},{\"@type\":\"ListItem\",\"position\":2,\"name\":\"Rooms\",\"item\":\"https:\/\/hotelambreparis.com\/en\/rooms\/\"},{\"@type\":\"ListItem\",\"position\":3,\"name\":\"Chambre Triple Sup\u00e9rieure\"}]},{\"@type\":\"WebSite\",\"@id\":\"https:\/\/hotelambreparis.com\/en\/#website\",\"url\":\"https:\/\/hotelambreparis.com\/en\/\",\"name\":\"Ambre Hotel\",\"description\":\"Un site utilisant ms.decms.eu\",\"potentialAction\":[{\"@type\":\"SearchAction\",\"target\":{\"@type\":\"EntryPoint\",\"urlTemplate\":\"https:\/\/hotelambreparis.com\/en\/?s={search_term_string}\"},\"query-input\":{\"@type\":\"PropertyValueSpecification\",\"valueRequired\":true,\"valueName\":\"search_term_string\"}}],\"inLanguage\":\"en-US\"}]}<\/script>\n<!-- \/ Yoast SEO plugin. -->","yoast_head_json":{"title":"Chambre Triple Sup\u00e9rieure - Ambre Hotel","description":"Les chambres triples offrent encore plus d'espace et sont con\u00e7ues comme des mini studios. Le d\u00e9cor est \u00e9l\u00e9gant et contemporain avec des couleurs neutres","robots":{"index":"index","follow":"follow","max-snippet":"max-snippet:-1","max-image-preview":"max-image-preview:large","max-video-preview":"max-video-preview:-1"},"canonical":"https:\/\/hotelambreparis.com\/en\/rooms\/chambre-triple-superieure\/","og_locale":"en_US","og_type":"article","og_title":"Chambre Triple Sup\u00e9rieure - Ambre Hotel","og_description":"Les chambres triples offrent encore plus d'espace et sont con\u00e7ues comme des mini studios. Le d\u00e9cor est \u00e9l\u00e9gant et contemporain avec des couleurs neutres","og_url":"https:\/\/hotelambreparis.com\/en\/rooms\/chambre-triple-superieure\/","og_site_name":"Ambre Hotel","article_modified_time":"2023-01-13T18:16:52+00:00","twitter_card":"summary_large_image","schema":{"@context":"https:\/\/schema.org","@graph":[{"@type":"WebPage","@id":"https:\/\/hotelambreparis.com\/en\/rooms\/chambre-triple-superieure\/","url":"https:\/\/hotelambreparis.com\/en\/rooms\/chambre-triple-superieure\/","name":"Chambre Triple Sup\u00e9rieure - Ambre Hotel","isPartOf":{"@id":"https:\/\/hotelambreparis.com\/en\/#website"},"datePublished":"2022-06-01T14:59:43+00:00","dateModified":"2023-01-13T18:16:52+00:00","description":"Les chambres triples offrent encore plus d'espace et sont con\u00e7ues comme des mini studios. Le d\u00e9cor est \u00e9l\u00e9gant et contemporain avec des couleurs neutres","breadcrumb":{"@id":"https:\/\/hotelambreparis.com\/en\/rooms\/chambre-triple-superieure\/#breadcrumb"},"inLanguage":"en-US","potentialAction":[{"@type":"ReadAction","target":["https:\/\/hotelambreparis.com\/en\/rooms\/chambre-triple-superieure\/"]}]},{"@type":"BreadcrumbList","@id":"https:\/\/hotelambreparis.com\/en\/rooms\/chambre-triple-superieure\/#breadcrumb","itemListElement":[{"@type":"ListItem","position":1,"name":"Accueil","item":"https:\/\/hotelambreparis.com\/en\/"},{"@type":"ListItem","position":2,"name":"Rooms","item":"https:\/\/hotelambreparis.com\/en\/rooms\/"},{"@type":"ListItem","position":3,"name":"Chambre Triple Sup\u00e9rieure"}]},{"@type":"WebSite","@id":"https:\/\/hotelambreparis.com\/en\/#website","url":"https:\/\/hotelambreparis.com\/en\/","name":"Ambre Hotel","description":"Un site utilisant ms.decms.eu","potentialAction":[{"@type":"SearchAction","target":{"@type":"EntryPoint","urlTemplate":"https:\/\/hotelambreparis.com\/en\/?s={search_term_string}"},"query-input":{"@type":"PropertyValueSpecification","valueRequired":true,"valueName":"search_term_string"}}],"inLanguage":"en-US"}]}},"acf":[],"_links":{"self":[{"href":"https:\/\/hotelambreparis.com\/en\/wp-json\/wp\/v2\/pages\/142","targetHints":{"allow":["GET"]}}],"collection":[{"href":"https:\/\/hotelambreparis.com\/en\/wp-json\/wp\/v2\/pages"}],"about":[{"href":"https:\/\/hotelambreparis.com\/en\/wp-json\/wp\/v2\/types\/page"}],"author":[{"embeddable":true,"href":"https:\/\/hotelambreparis.com\/en\/wp-json\/wp\/v2\/users\/5"}],"replies":[{"embeddable":true,"href":"https:\/\/hotelambreparis.com\/en\/wp-json\/wp\/v2\/comments?post=142"}],"version-history":[{"count":0,"href":"https:\/\/hotelambreparis.com\/en\/wp-json\/wp\/v2\/pages\/142\/revisions"}],"up":[{"embeddable":true,"href":"https:\/\/hotelambreparis.com\/en\/wp-json\/wp\/v2\/pages\/127"}],"wp:attachment":[{"href":"https:\/\/hotelambreparis.com\/en\/wp-json\/wp\/v2\/media?parent=142"}],"curies":[{"name":"wp","href":"https:\/\/api.w.org\/{rel}","templated":true}]}}