{"id":167,"date":"2022-06-01T17:09:29","date_gmt":"2022-06-01T15:09:29","guid":{"rendered":"https:\/\/ambre.ms.decms.eu\/mentions-legales\/"},"modified":"2023-02-27T13:57:12","modified_gmt":"2023-02-27T12:57:12","slug":"rechtliche-hinweise","status":"publish","type":"page","link":"https:\/\/hotelambreparis.com\/de\/rechtliche-hinweise\/","title":{"rendered":"Rechtliche Hinweise"},"content":{"rendered":"<p>Editeur:<br \/>\nH\u00f4tel Ambre<br \/>\n175 ter, rue de Tolbiac<br \/>\n75013 Paris<br \/>\nFrance<\/p>\n<p>T\u00e9l\u00e9phone : +33 1 45 89 63 41<br \/>\nE-mail : contact@hotelambreparis.com<\/p>\n<p>Conception:<br \/>\nD-EDGE &#8211; <a href=\"https:\/\/www.d-edge.com\" rel=\"noopener\" target=\"_blank\">www.d-edge.com<\/a><br \/>\n66 rue des archives \u2013 75003 Paris.<br \/>\nPhone : +33 (0) 1 76 44 04 35<br \/>\nSIREN : 431 513 852<\/p>\n<p>H\u00e9bergeur:<br \/>\nWPEngine, Inc.<br \/>\nIrongate House, 22-30 Duke\u2019s Place<br \/>\nLondon, EC3A 7LP, United Kingdom<br \/>\nPhone: 08 00 50 53 049<\/p>\n","protected":false},"excerpt":{"rendered":"<p>Editeur: H\u00f4tel Ambre 175 ter, rue de Tolbiac 75013 Paris France T\u00e9l\u00e9phone : +33 1 45 89 63 41 E-mail : contact@hotelambreparis.com Conception: D-EDGE &#8211; www.d-edge.com 66 rue des archives \u2013 75003 Paris. Phone : +33 (0) 1 76 44 04 35 SIREN : 431 513 852 H\u00e9bergeur: WPEngine, Inc. Irongate House, 22-30 Duke\u2019s Place [&hellip;]<\/p>\n","protected":false},"author":5,"featured_media":0,"parent":0,"menu_order":0,"comment_status":"closed","ping_status":"closed","template":"","meta":{"footnotes":""},"class_list":["post-167","page","type-page","status-publish","hentry"],"yoast_head":"<!-- This site is optimized with the Yoast SEO plugin v26.9 - https:\/\/yoast.com\/product\/yoast-seo-wordpress\/ -->\n<title>Rechtliche Hinweise - Ambre Hotel<\/title>\n<meta name=\"description\" content=\"Editeur: H\u00f4tel Ambre 175 ter, rue de Tolbiac 75013 Paris France T\u00e9l\u00e9phone : +33 1 45 89 63 41 E-mail : contact@hotelambreparis.com Conception: D-EDGE -\" \/>\n<meta name=\"robots\" content=\"index, follow, max-snippet:-1, max-image-preview:large, max-video-preview:-1\" \/>\n<link rel=\"canonical\" href=\"https:\/\/hotelambreparis.com\/de\/rechtliche-hinweise\/\" \/>\n<meta property=\"og:locale\" content=\"de_DE\" \/>\n<meta property=\"og:type\" content=\"article\" \/>\n<meta property=\"og:title\" content=\"Rechtliche Hinweise - Ambre Hotel\" \/>\n<meta property=\"og:description\" content=\"Editeur: H\u00f4tel Ambre 175 ter, rue de Tolbiac 75013 Paris France T\u00e9l\u00e9phone : +33 1 45 89 63 41 E-mail : contact@hotelambreparis.com Conception: D-EDGE -\" \/>\n<meta property=\"og:url\" content=\"https:\/\/hotelambreparis.com\/de\/rechtliche-hinweise\/\" \/>\n<meta property=\"og:site_name\" content=\"Ambre Hotel\" \/>\n<meta property=\"article:modified_time\" content=\"2023-02-27T12:57:12+00:00\" \/>\n<meta name=\"twitter:card\" content=\"summary_large_image\" \/>\n<meta name=\"twitter:label1\" content=\"Gesch\u00e4tzte Lesezeit\" \/>\n\t<meta name=\"twitter:data1\" content=\"1 Minute\" \/>\n<script type=\"application\/ld+json\" class=\"yoast-schema-graph\">{\"@context\":\"https:\/\/schema.org\",\"@graph\":[{\"@type\":\"WebPage\",\"@id\":\"https:\/\/hotelambreparis.com\/de\/rechtliche-hinweise\/\",\"url\":\"https:\/\/hotelambreparis.com\/de\/rechtliche-hinweise\/\",\"name\":\"Rechtliche Hinweise - Ambre Hotel\",\"isPartOf\":{\"@id\":\"https:\/\/hotelambreparis.com\/de\/#website\"},\"datePublished\":\"2022-06-01T15:09:29+00:00\",\"dateModified\":\"2023-02-27T12:57:12+00:00\",\"description\":\"Editeur: H\u00f4tel Ambre 175 ter, rue de Tolbiac 75013 Paris France T\u00e9l\u00e9phone : +33 1 45 89 63 41 E-mail : contact@hotelambreparis.com Conception: D-EDGE -\",\"breadcrumb\":{\"@id\":\"https:\/\/hotelambreparis.com\/de\/rechtliche-hinweise\/#breadcrumb\"},\"inLanguage\":\"de-DE\",\"potentialAction\":[{\"@type\":\"ReadAction\",\"target\":[\"https:\/\/hotelambreparis.com\/de\/rechtliche-hinweise\/\"]}]},{\"@type\":\"BreadcrumbList\",\"@id\":\"https:\/\/hotelambreparis.com\/de\/rechtliche-hinweise\/#breadcrumb\",\"itemListElement\":[{\"@type\":\"ListItem\",\"position\":1,\"name\":\"Accueil\",\"item\":\"https:\/\/hotelambreparis.com\/de\/\"},{\"@type\":\"ListItem\",\"position\":2,\"name\":\"Rechtliche Hinweise\"}]},{\"@type\":\"WebSite\",\"@id\":\"https:\/\/hotelambreparis.com\/de\/#website\",\"url\":\"https:\/\/hotelambreparis.com\/de\/\",\"name\":\"Ambre Hotel\",\"description\":\"Un site utilisant ms.decms.eu\",\"potentialAction\":[{\"@type\":\"SearchAction\",\"target\":{\"@type\":\"EntryPoint\",\"urlTemplate\":\"https:\/\/hotelambreparis.com\/de\/?s={search_term_string}\"},\"query-input\":{\"@type\":\"PropertyValueSpecification\",\"valueRequired\":true,\"valueName\":\"search_term_string\"}}],\"inLanguage\":\"de-DE\"}]}<\/script>\n<!-- \/ Yoast SEO plugin. -->","yoast_head_json":{"title":"Rechtliche Hinweise - Ambre Hotel","description":"Editeur: H\u00f4tel Ambre 175 ter, rue de Tolbiac 75013 Paris France T\u00e9l\u00e9phone : +33 1 45 89 63 41 E-mail : contact@hotelambreparis.com Conception: D-EDGE -","robots":{"index":"index","follow":"follow","max-snippet":"max-snippet:-1","max-image-preview":"max-image-preview:large","max-video-preview":"max-video-preview:-1"},"canonical":"https:\/\/hotelambreparis.com\/de\/rechtliche-hinweise\/","og_locale":"de_DE","og_type":"article","og_title":"Rechtliche Hinweise - Ambre Hotel","og_description":"Editeur: H\u00f4tel Ambre 175 ter, rue de Tolbiac 75013 Paris France T\u00e9l\u00e9phone : +33 1 45 89 63 41 E-mail : contact@hotelambreparis.com Conception: D-EDGE -","og_url":"https:\/\/hotelambreparis.com\/de\/rechtliche-hinweise\/","og_site_name":"Ambre Hotel","article_modified_time":"2023-02-27T12:57:12+00:00","twitter_card":"summary_large_image","twitter_misc":{"Gesch\u00e4tzte Lesezeit":"1 Minute"},"schema":{"@context":"https:\/\/schema.org","@graph":[{"@type":"WebPage","@id":"https:\/\/hotelambreparis.com\/de\/rechtliche-hinweise\/","url":"https:\/\/hotelambreparis.com\/de\/rechtliche-hinweise\/","name":"Rechtliche Hinweise - Ambre Hotel","isPartOf":{"@id":"https:\/\/hotelambreparis.com\/de\/#website"},"datePublished":"2022-06-01T15:09:29+00:00","dateModified":"2023-02-27T12:57:12+00:00","description":"Editeur: H\u00f4tel Ambre 175 ter, rue de Tolbiac 75013 Paris France T\u00e9l\u00e9phone : +33 1 45 89 63 41 E-mail : contact@hotelambreparis.com Conception: D-EDGE -","breadcrumb":{"@id":"https:\/\/hotelambreparis.com\/de\/rechtliche-hinweise\/#breadcrumb"},"inLanguage":"de-DE","potentialAction":[{"@type":"ReadAction","target":["https:\/\/hotelambreparis.com\/de\/rechtliche-hinweise\/"]}]},{"@type":"BreadcrumbList","@id":"https:\/\/hotelambreparis.com\/de\/rechtliche-hinweise\/#breadcrumb","itemListElement":[{"@type":"ListItem","position":1,"name":"Accueil","item":"https:\/\/hotelambreparis.com\/de\/"},{"@type":"ListItem","position":2,"name":"Rechtliche Hinweise"}]},{"@type":"WebSite","@id":"https:\/\/hotelambreparis.com\/de\/#website","url":"https:\/\/hotelambreparis.com\/de\/","name":"Ambre Hotel","description":"Un site utilisant ms.decms.eu","potentialAction":[{"@type":"SearchAction","target":{"@type":"EntryPoint","urlTemplate":"https:\/\/hotelambreparis.com\/de\/?s={search_term_string}"},"query-input":{"@type":"PropertyValueSpecification","valueRequired":true,"valueName":"search_term_string"}}],"inLanguage":"de-DE"}]}},"acf":[],"_links":{"self":[{"href":"https:\/\/hotelambreparis.com\/de\/wp-json\/wp\/v2\/pages\/167","targetHints":{"allow":["GET"]}}],"collection":[{"href":"https:\/\/hotelambreparis.com\/de\/wp-json\/wp\/v2\/pages"}],"about":[{"href":"https:\/\/hotelambreparis.com\/de\/wp-json\/wp\/v2\/types\/page"}],"author":[{"embeddable":true,"href":"https:\/\/hotelambreparis.com\/de\/wp-json\/wp\/v2\/users\/5"}],"replies":[{"embeddable":true,"href":"https:\/\/hotelambreparis.com\/de\/wp-json\/wp\/v2\/comments?post=167"}],"version-history":[{"count":0,"href":"https:\/\/hotelambreparis.com\/de\/wp-json\/wp\/v2\/pages\/167\/revisions"}],"wp:attachment":[{"href":"https:\/\/hotelambreparis.com\/de\/wp-json\/wp\/v2\/media?parent=167"}],"curies":[{"name":"wp","href":"https:\/\/api.w.org\/{rel}","templated":true}]}}