{"id":152,"date":"2022-06-01T16:56:07","date_gmt":"2022-06-01T14:56:07","guid":{"rendered":"https:\/\/ambre.ms.decms.eu\/chambres\/chambre-simple\/"},"modified":"2023-01-23T16:55:39","modified_gmt":"2023-01-23T15:55:39","slug":"einzelzimmer","status":"publish","type":"page","link":"https:\/\/hotelambreparis.com\/de\/zimmer\/einzelzimmer\/","title":{"rendered":"Einzelzimmer"},"content":{"rendered":"<p>Dieses Zimmer f\u00fcr 1 Person bietet ein raffiniertes, modernes Design mit Parkettb\u00f6den und gro\u00dfen, bequemen Betten mit makellos wei\u00dfen Tagesdecken.<\/p>\n<p>Das moderne Badezimmer ist komplett gefliest mit einem ger\u00e4umigen Duschbereich. Das Schlafzimmer verf\u00fcgt auch \u00fcber eine K\u00fcchenzeile.<\/p>\n<p>Dieses elegante Zimmer verf\u00fcgt \u00fcber einen TV, ein Telefon und eine voll ausgestattete K\u00fcchenzeile. WLAN nutzen Sie kostenfrei.<\/p>\n<p>Es kann kein Kinderbett unterbringen.<\/p>\n","protected":false},"excerpt":{"rendered":"<p>Dieses Zimmer f\u00fcr 1 Person bietet ein raffiniertes, modernes Design mit Parkettb\u00f6den und gro\u00dfen, bequemen Betten mit makellos wei\u00dfen Tagesdecken. Das moderne Badezimmer ist komplett gefliest mit einem ger\u00e4umigen Duschbereich. Das Schlafzimmer verf\u00fcgt auch \u00fcber eine K\u00fcchenzeile. Dieses elegante Zimmer verf\u00fcgt \u00fcber einen TV, ein Telefon und eine voll ausgestattete K\u00fcchenzeile. WLAN nutzen Sie kostenfrei. [&hellip;]<\/p>\n","protected":false},"author":5,"featured_media":0,"parent":128,"menu_order":80,"comment_status":"closed","ping_status":"closed","template":"template-single-room.php","meta":{"footnotes":""},"class_list":["post-152","page","type-page","status-publish","hentry"],"yoast_head":"<!-- This site is optimized with the Yoast SEO plugin v26.9 - https:\/\/yoast.com\/product\/yoast-seo-wordpress\/ -->\n<title>Einzelzimmer - Ambre Hotel<\/title>\n<meta name=\"description\" content=\"Dieses Zimmer f\u00fcr 1 Person bietet ein raffiniertes, modernes Design mit Parkettb\u00f6den und gro\u00dfen, bequemen Betten mit makellos wei\u00dfen Tagesdecken. Das\" \/>\n<meta name=\"robots\" content=\"index, follow, max-snippet:-1, max-image-preview:large, max-video-preview:-1\" \/>\n<link rel=\"canonical\" href=\"https:\/\/hotelambreparis.com\/de\/zimmer\/einzelzimmer\/\" \/>\n<meta property=\"og:locale\" content=\"de_DE\" \/>\n<meta property=\"og:type\" content=\"article\" \/>\n<meta property=\"og:title\" content=\"Einzelzimmer - Ambre Hotel\" \/>\n<meta property=\"og:description\" content=\"Dieses Zimmer f\u00fcr 1 Person bietet ein raffiniertes, modernes Design mit Parkettb\u00f6den und gro\u00dfen, bequemen Betten mit makellos wei\u00dfen Tagesdecken. Das\" \/>\n<meta property=\"og:url\" content=\"https:\/\/hotelambreparis.com\/de\/zimmer\/einzelzimmer\/\" \/>\n<meta property=\"og:site_name\" content=\"Ambre Hotel\" \/>\n<meta property=\"article:modified_time\" content=\"2023-01-23T15:55:39+00:00\" \/>\n<meta name=\"twitter:card\" content=\"summary_large_image\" \/>\n<meta name=\"twitter:label1\" content=\"Gesch\u00e4tzte Lesezeit\" \/>\n\t<meta name=\"twitter:data1\" content=\"1 Minute\" \/>\n<script type=\"application\/ld+json\" class=\"yoast-schema-graph\">{\"@context\":\"https:\/\/schema.org\",\"@graph\":[{\"@type\":\"WebPage\",\"@id\":\"https:\/\/hotelambreparis.com\/de\/zimmer\/einzelzimmer\/\",\"url\":\"https:\/\/hotelambreparis.com\/de\/zimmer\/einzelzimmer\/\",\"name\":\"Einzelzimmer - Ambre Hotel\",\"isPartOf\":{\"@id\":\"https:\/\/hotelambreparis.com\/de\/#website\"},\"datePublished\":\"2022-06-01T14:56:07+00:00\",\"dateModified\":\"2023-01-23T15:55:39+00:00\",\"description\":\"Dieses Zimmer f\u00fcr 1 Person bietet ein raffiniertes, modernes Design mit Parkettb\u00f6den und gro\u00dfen, bequemen Betten mit makellos wei\u00dfen Tagesdecken. Das\",\"breadcrumb\":{\"@id\":\"https:\/\/hotelambreparis.com\/de\/zimmer\/einzelzimmer\/#breadcrumb\"},\"inLanguage\":\"de-DE\",\"potentialAction\":[{\"@type\":\"ReadAction\",\"target\":[\"https:\/\/hotelambreparis.com\/de\/zimmer\/einzelzimmer\/\"]}]},{\"@type\":\"BreadcrumbList\",\"@id\":\"https:\/\/hotelambreparis.com\/de\/zimmer\/einzelzimmer\/#breadcrumb\",\"itemListElement\":[{\"@type\":\"ListItem\",\"position\":1,\"name\":\"Accueil\",\"item\":\"https:\/\/hotelambreparis.com\/de\/\"},{\"@type\":\"ListItem\",\"position\":2,\"name\":\"Zimmer\",\"item\":\"https:\/\/hotelambreparis.com\/de\/zimmer\/\"},{\"@type\":\"ListItem\",\"position\":3,\"name\":\"Einzelzimmer\"}]},{\"@type\":\"WebSite\",\"@id\":\"https:\/\/hotelambreparis.com\/de\/#website\",\"url\":\"https:\/\/hotelambreparis.com\/de\/\",\"name\":\"Ambre Hotel\",\"description\":\"Un site utilisant ms.decms.eu\",\"potentialAction\":[{\"@type\":\"SearchAction\",\"target\":{\"@type\":\"EntryPoint\",\"urlTemplate\":\"https:\/\/hotelambreparis.com\/de\/?s={search_term_string}\"},\"query-input\":{\"@type\":\"PropertyValueSpecification\",\"valueRequired\":true,\"valueName\":\"search_term_string\"}}],\"inLanguage\":\"de-DE\"}]}<\/script>\n<!-- \/ Yoast SEO plugin. -->","yoast_head_json":{"title":"Einzelzimmer - Ambre Hotel","description":"Dieses Zimmer f\u00fcr 1 Person bietet ein raffiniertes, modernes Design mit Parkettb\u00f6den und gro\u00dfen, bequemen Betten mit makellos wei\u00dfen Tagesdecken. Das","robots":{"index":"index","follow":"follow","max-snippet":"max-snippet:-1","max-image-preview":"max-image-preview:large","max-video-preview":"max-video-preview:-1"},"canonical":"https:\/\/hotelambreparis.com\/de\/zimmer\/einzelzimmer\/","og_locale":"de_DE","og_type":"article","og_title":"Einzelzimmer - Ambre Hotel","og_description":"Dieses Zimmer f\u00fcr 1 Person bietet ein raffiniertes, modernes Design mit Parkettb\u00f6den und gro\u00dfen, bequemen Betten mit makellos wei\u00dfen Tagesdecken. Das","og_url":"https:\/\/hotelambreparis.com\/de\/zimmer\/einzelzimmer\/","og_site_name":"Ambre Hotel","article_modified_time":"2023-01-23T15:55:39+00:00","twitter_card":"summary_large_image","twitter_misc":{"Gesch\u00e4tzte Lesezeit":"1 Minute"},"schema":{"@context":"https:\/\/schema.org","@graph":[{"@type":"WebPage","@id":"https:\/\/hotelambreparis.com\/de\/zimmer\/einzelzimmer\/","url":"https:\/\/hotelambreparis.com\/de\/zimmer\/einzelzimmer\/","name":"Einzelzimmer - Ambre Hotel","isPartOf":{"@id":"https:\/\/hotelambreparis.com\/de\/#website"},"datePublished":"2022-06-01T14:56:07+00:00","dateModified":"2023-01-23T15:55:39+00:00","description":"Dieses Zimmer f\u00fcr 1 Person bietet ein raffiniertes, modernes Design mit Parkettb\u00f6den und gro\u00dfen, bequemen Betten mit makellos wei\u00dfen Tagesdecken. Das","breadcrumb":{"@id":"https:\/\/hotelambreparis.com\/de\/zimmer\/einzelzimmer\/#breadcrumb"},"inLanguage":"de-DE","potentialAction":[{"@type":"ReadAction","target":["https:\/\/hotelambreparis.com\/de\/zimmer\/einzelzimmer\/"]}]},{"@type":"BreadcrumbList","@id":"https:\/\/hotelambreparis.com\/de\/zimmer\/einzelzimmer\/#breadcrumb","itemListElement":[{"@type":"ListItem","position":1,"name":"Accueil","item":"https:\/\/hotelambreparis.com\/de\/"},{"@type":"ListItem","position":2,"name":"Zimmer","item":"https:\/\/hotelambreparis.com\/de\/zimmer\/"},{"@type":"ListItem","position":3,"name":"Einzelzimmer"}]},{"@type":"WebSite","@id":"https:\/\/hotelambreparis.com\/de\/#website","url":"https:\/\/hotelambreparis.com\/de\/","name":"Ambre Hotel","description":"Un site utilisant ms.decms.eu","potentialAction":[{"@type":"SearchAction","target":{"@type":"EntryPoint","urlTemplate":"https:\/\/hotelambreparis.com\/de\/?s={search_term_string}"},"query-input":{"@type":"PropertyValueSpecification","valueRequired":true,"valueName":"search_term_string"}}],"inLanguage":"de-DE"}]}},"acf":[],"_links":{"self":[{"href":"https:\/\/hotelambreparis.com\/de\/wp-json\/wp\/v2\/pages\/152","targetHints":{"allow":["GET"]}}],"collection":[{"href":"https:\/\/hotelambreparis.com\/de\/wp-json\/wp\/v2\/pages"}],"about":[{"href":"https:\/\/hotelambreparis.com\/de\/wp-json\/wp\/v2\/types\/page"}],"author":[{"embeddable":true,"href":"https:\/\/hotelambreparis.com\/de\/wp-json\/wp\/v2\/users\/5"}],"replies":[{"embeddable":true,"href":"https:\/\/hotelambreparis.com\/de\/wp-json\/wp\/v2\/comments?post=152"}],"version-history":[{"count":0,"href":"https:\/\/hotelambreparis.com\/de\/wp-json\/wp\/v2\/pages\/152\/revisions"}],"up":[{"embeddable":true,"href":"https:\/\/hotelambreparis.com\/de\/wp-json\/wp\/v2\/pages\/128"}],"wp:attachment":[{"href":"https:\/\/hotelambreparis.com\/de\/wp-json\/wp\/v2\/media?parent=152"}],"curies":[{"name":"wp","href":"https:\/\/api.w.org\/{rel}","templated":true}]}}