{"id":149,"date":"2022-06-01T16:58:04","date_gmt":"2022-06-01T14:58:04","guid":{"rendered":"https:\/\/ambre.ms.decms.eu\/chambres\/suite\/"},"modified":"2023-01-23T16:53:43","modified_gmt":"2023-01-23T15:53:43","slug":"suite","status":"publish","type":"page","link":"https:\/\/hotelambreparis.com\/de\/zimmer\/suite\/","title":{"rendered":"Suite"},"content":{"rendered":"<p>Sehr sch\u00f6ne Helligkeit f\u00fcr diese sehr eleganten Suiten mit modernem Design. Das offene Wohnzimmer kann vom Schlafzimmer durch Vorh\u00e4nge f\u00fcr mehr Privatsph\u00e4re isoliert werden.<\/p>\n<p>Modernes Dekor in n\u00fcchternen Farben, das durch eine weiche, gut diffuse Beleuchtung f\u00fcr eine Atmosph\u00e4re der Entspannung hervorgehoben wird.<\/p>\n","protected":false},"excerpt":{"rendered":"<p>Sehr sch\u00f6ne Helligkeit f\u00fcr diese sehr eleganten Suiten mit modernem Design. Das offene Wohnzimmer kann vom Schlafzimmer durch Vorh\u00e4nge f\u00fcr mehr Privatsph\u00e4re isoliert werden. Modernes Dekor in n\u00fcchternen Farben, das durch eine weiche, gut diffuse Beleuchtung f\u00fcr eine Atmosph\u00e4re der Entspannung hervorgehoben wird.<\/p>\n","protected":false},"author":5,"featured_media":0,"parent":128,"menu_order":70,"comment_status":"closed","ping_status":"closed","template":"template-single-room.php","meta":{"footnotes":""},"class_list":["post-149","page","type-page","status-publish","hentry"],"yoast_head":"<!-- This site is optimized with the Yoast SEO plugin v26.9 - https:\/\/yoast.com\/product\/yoast-seo-wordpress\/ -->\n<title>Suite - Ambre Hotel<\/title>\n<meta name=\"description\" content=\"Sehr sch\u00f6ne Helligkeit f\u00fcr diese sehr eleganten Suiten mit modernem Design. Das offene Wohnzimmer kann vom Schlafzimmer durch Vorh\u00e4nge f\u00fcr mehr\" \/>\n<meta name=\"robots\" content=\"index, follow, max-snippet:-1, max-image-preview:large, max-video-preview:-1\" \/>\n<link rel=\"canonical\" href=\"https:\/\/hotelambreparis.com\/de\/zimmer\/suite\/\" \/>\n<meta property=\"og:locale\" content=\"de_DE\" \/>\n<meta property=\"og:type\" content=\"article\" \/>\n<meta property=\"og:title\" content=\"Suite - Ambre Hotel\" \/>\n<meta property=\"og:description\" content=\"Sehr sch\u00f6ne Helligkeit f\u00fcr diese sehr eleganten Suiten mit modernem Design. Das offene Wohnzimmer kann vom Schlafzimmer durch Vorh\u00e4nge f\u00fcr mehr\" \/>\n<meta property=\"og:url\" content=\"https:\/\/hotelambreparis.com\/de\/zimmer\/suite\/\" \/>\n<meta property=\"og:site_name\" content=\"Ambre Hotel\" \/>\n<meta property=\"article:modified_time\" content=\"2023-01-23T15:53:43+00:00\" \/>\n<meta name=\"twitter:card\" content=\"summary_large_image\" \/>\n<script type=\"application\/ld+json\" class=\"yoast-schema-graph\">{\"@context\":\"https:\/\/schema.org\",\"@graph\":[{\"@type\":\"WebPage\",\"@id\":\"https:\/\/hotelambreparis.com\/de\/zimmer\/suite\/\",\"url\":\"https:\/\/hotelambreparis.com\/de\/zimmer\/suite\/\",\"name\":\"Suite - Ambre Hotel\",\"isPartOf\":{\"@id\":\"https:\/\/hotelambreparis.com\/de\/#website\"},\"datePublished\":\"2022-06-01T14:58:04+00:00\",\"dateModified\":\"2023-01-23T15:53:43+00:00\",\"description\":\"Sehr sch\u00f6ne Helligkeit f\u00fcr diese sehr eleganten Suiten mit modernem Design. Das offene Wohnzimmer kann vom Schlafzimmer durch Vorh\u00e4nge f\u00fcr mehr\",\"breadcrumb\":{\"@id\":\"https:\/\/hotelambreparis.com\/de\/zimmer\/suite\/#breadcrumb\"},\"inLanguage\":\"de-DE\",\"potentialAction\":[{\"@type\":\"ReadAction\",\"target\":[\"https:\/\/hotelambreparis.com\/de\/zimmer\/suite\/\"]}]},{\"@type\":\"BreadcrumbList\",\"@id\":\"https:\/\/hotelambreparis.com\/de\/zimmer\/suite\/#breadcrumb\",\"itemListElement\":[{\"@type\":\"ListItem\",\"position\":1,\"name\":\"Accueil\",\"item\":\"https:\/\/hotelambreparis.com\/de\/\"},{\"@type\":\"ListItem\",\"position\":2,\"name\":\"Zimmer\",\"item\":\"https:\/\/hotelambreparis.com\/de\/zimmer\/\"},{\"@type\":\"ListItem\",\"position\":3,\"name\":\"Suite\"}]},{\"@type\":\"WebSite\",\"@id\":\"https:\/\/hotelambreparis.com\/de\/#website\",\"url\":\"https:\/\/hotelambreparis.com\/de\/\",\"name\":\"Ambre Hotel\",\"description\":\"Un site utilisant ms.decms.eu\",\"potentialAction\":[{\"@type\":\"SearchAction\",\"target\":{\"@type\":\"EntryPoint\",\"urlTemplate\":\"https:\/\/hotelambreparis.com\/de\/?s={search_term_string}\"},\"query-input\":{\"@type\":\"PropertyValueSpecification\",\"valueRequired\":true,\"valueName\":\"search_term_string\"}}],\"inLanguage\":\"de-DE\"}]}<\/script>\n<!-- \/ Yoast SEO plugin. -->","yoast_head_json":{"title":"Suite - Ambre Hotel","description":"Sehr sch\u00f6ne Helligkeit f\u00fcr diese sehr eleganten Suiten mit modernem Design. Das offene Wohnzimmer kann vom Schlafzimmer durch Vorh\u00e4nge f\u00fcr mehr","robots":{"index":"index","follow":"follow","max-snippet":"max-snippet:-1","max-image-preview":"max-image-preview:large","max-video-preview":"max-video-preview:-1"},"canonical":"https:\/\/hotelambreparis.com\/de\/zimmer\/suite\/","og_locale":"de_DE","og_type":"article","og_title":"Suite - Ambre Hotel","og_description":"Sehr sch\u00f6ne Helligkeit f\u00fcr diese sehr eleganten Suiten mit modernem Design. Das offene Wohnzimmer kann vom Schlafzimmer durch Vorh\u00e4nge f\u00fcr mehr","og_url":"https:\/\/hotelambreparis.com\/de\/zimmer\/suite\/","og_site_name":"Ambre Hotel","article_modified_time":"2023-01-23T15:53:43+00:00","twitter_card":"summary_large_image","schema":{"@context":"https:\/\/schema.org","@graph":[{"@type":"WebPage","@id":"https:\/\/hotelambreparis.com\/de\/zimmer\/suite\/","url":"https:\/\/hotelambreparis.com\/de\/zimmer\/suite\/","name":"Suite - Ambre Hotel","isPartOf":{"@id":"https:\/\/hotelambreparis.com\/de\/#website"},"datePublished":"2022-06-01T14:58:04+00:00","dateModified":"2023-01-23T15:53:43+00:00","description":"Sehr sch\u00f6ne Helligkeit f\u00fcr diese sehr eleganten Suiten mit modernem Design. Das offene Wohnzimmer kann vom Schlafzimmer durch Vorh\u00e4nge f\u00fcr mehr","breadcrumb":{"@id":"https:\/\/hotelambreparis.com\/de\/zimmer\/suite\/#breadcrumb"},"inLanguage":"de-DE","potentialAction":[{"@type":"ReadAction","target":["https:\/\/hotelambreparis.com\/de\/zimmer\/suite\/"]}]},{"@type":"BreadcrumbList","@id":"https:\/\/hotelambreparis.com\/de\/zimmer\/suite\/#breadcrumb","itemListElement":[{"@type":"ListItem","position":1,"name":"Accueil","item":"https:\/\/hotelambreparis.com\/de\/"},{"@type":"ListItem","position":2,"name":"Zimmer","item":"https:\/\/hotelambreparis.com\/de\/zimmer\/"},{"@type":"ListItem","position":3,"name":"Suite"}]},{"@type":"WebSite","@id":"https:\/\/hotelambreparis.com\/de\/#website","url":"https:\/\/hotelambreparis.com\/de\/","name":"Ambre Hotel","description":"Un site utilisant ms.decms.eu","potentialAction":[{"@type":"SearchAction","target":{"@type":"EntryPoint","urlTemplate":"https:\/\/hotelambreparis.com\/de\/?s={search_term_string}"},"query-input":{"@type":"PropertyValueSpecification","valueRequired":true,"valueName":"search_term_string"}}],"inLanguage":"de-DE"}]}},"acf":[],"_links":{"self":[{"href":"https:\/\/hotelambreparis.com\/de\/wp-json\/wp\/v2\/pages\/149","targetHints":{"allow":["GET"]}}],"collection":[{"href":"https:\/\/hotelambreparis.com\/de\/wp-json\/wp\/v2\/pages"}],"about":[{"href":"https:\/\/hotelambreparis.com\/de\/wp-json\/wp\/v2\/types\/page"}],"author":[{"embeddable":true,"href":"https:\/\/hotelambreparis.com\/de\/wp-json\/wp\/v2\/users\/5"}],"replies":[{"embeddable":true,"href":"https:\/\/hotelambreparis.com\/de\/wp-json\/wp\/v2\/comments?post=149"}],"version-history":[{"count":0,"href":"https:\/\/hotelambreparis.com\/de\/wp-json\/wp\/v2\/pages\/149\/revisions"}],"up":[{"embeddable":true,"href":"https:\/\/hotelambreparis.com\/de\/wp-json\/wp\/v2\/pages\/128"}],"wp:attachment":[{"href":"https:\/\/hotelambreparis.com\/de\/wp-json\/wp\/v2\/media?parent=149"}],"curies":[{"name":"wp","href":"https:\/\/api.w.org\/{rel}","templated":true}]}}