{"id":146,"date":"2022-06-01T17:01:18","date_gmt":"2022-06-01T15:01:18","guid":{"rendered":"https:\/\/ambre.ms.decms.eu\/chambres\/chambre-triple-avec-terrasse\/"},"modified":"2023-01-23T16:51:12","modified_gmt":"2023-01-23T15:51:12","slug":"dreibettzimmer-mit-terrasse-oder-terrasse","status":"publish","type":"page","link":"https:\/\/hotelambreparis.com\/de\/zimmer\/dreibettzimmer-mit-terrasse-oder-terrasse\/","title":{"rendered":"Dreibettzimmer mit Terrasse oder Terrasse"},"content":{"rendered":"<p>Die Dreibettzimmer bieten noch mehr Platz und sind wie Mini-Studios gestaltet. Das Dekor ist elegant und modern mit neutralen Farben und sanfter Beleuchtung. Das Parken ist f\u00fcr alle Hotelg\u00e4ste kostenlos, aber nur bei Verf\u00fcgbarkeit wenden Sie sich bitte an die Rezeption, um die Verf\u00fcgbarkeit zu erfahren. Die modernen, komplett gefliesten Badezimmer sind mit ger\u00e4umigen Duschen ausgestattet. Das Zimmer verf\u00fcgt auch \u00fcber eine ausgestattete K\u00fcchenzeile.<\/p>\n<p>Dieses Dreibettzimmer verf\u00fcgt \u00fcber eine Terrasse von ca. 12 m\u00b2.<\/p>\n","protected":false},"excerpt":{"rendered":"<p>Die Dreibettzimmer bieten noch mehr Platz und sind wie Mini-Studios gestaltet. Das Dekor ist elegant und modern mit neutralen Farben und sanfter Beleuchtung. Das Parken ist f\u00fcr alle Hotelg\u00e4ste kostenlos, aber nur bei Verf\u00fcgbarkeit wenden Sie sich bitte an die Rezeption, um die Verf\u00fcgbarkeit zu erfahren. Die modernen, komplett gefliesten Badezimmer sind mit ger\u00e4umigen Duschen [&hellip;]<\/p>\n","protected":false},"author":5,"featured_media":0,"parent":128,"menu_order":60,"comment_status":"closed","ping_status":"closed","template":"template-single-room.php","meta":{"footnotes":""},"class_list":["post-146","page","type-page","status-publish","hentry"],"yoast_head":"<!-- This site is optimized with the Yoast SEO plugin v26.9 - https:\/\/yoast.com\/product\/yoast-seo-wordpress\/ -->\n<title>Dreibettzimmer mit Terrasse oder Terrasse - Ambre Hotel<\/title>\n<meta name=\"description\" content=\"Die Dreibettzimmer bieten noch mehr Platz und sind wie Mini-Studios gestaltet. Das Dekor ist elegant und modern mit neutralen Farben und sanfter\" \/>\n<meta name=\"robots\" content=\"index, follow, max-snippet:-1, max-image-preview:large, max-video-preview:-1\" \/>\n<link rel=\"canonical\" href=\"https:\/\/hotelambreparis.com\/de\/zimmer\/dreibettzimmer-mit-terrasse-oder-terrasse\/\" \/>\n<meta property=\"og:locale\" content=\"de_DE\" \/>\n<meta property=\"og:type\" content=\"article\" \/>\n<meta property=\"og:title\" content=\"Dreibettzimmer mit Terrasse oder Terrasse - Ambre Hotel\" \/>\n<meta property=\"og:description\" content=\"Die Dreibettzimmer bieten noch mehr Platz und sind wie Mini-Studios gestaltet. Das Dekor ist elegant und modern mit neutralen Farben und sanfter\" \/>\n<meta property=\"og:url\" content=\"https:\/\/hotelambreparis.com\/de\/zimmer\/dreibettzimmer-mit-terrasse-oder-terrasse\/\" \/>\n<meta property=\"og:site_name\" content=\"Ambre Hotel\" \/>\n<meta property=\"article:modified_time\" content=\"2023-01-23T15:51:12+00:00\" \/>\n<meta name=\"twitter:card\" content=\"summary_large_image\" \/>\n<script type=\"application\/ld+json\" class=\"yoast-schema-graph\">{\"@context\":\"https:\/\/schema.org\",\"@graph\":[{\"@type\":\"WebPage\",\"@id\":\"https:\/\/hotelambreparis.com\/de\/zimmer\/dreibettzimmer-mit-terrasse-oder-terrasse\/\",\"url\":\"https:\/\/hotelambreparis.com\/de\/zimmer\/dreibettzimmer-mit-terrasse-oder-terrasse\/\",\"name\":\"Dreibettzimmer mit Terrasse oder Terrasse - Ambre Hotel\",\"isPartOf\":{\"@id\":\"https:\/\/hotelambreparis.com\/de\/#website\"},\"datePublished\":\"2022-06-01T15:01:18+00:00\",\"dateModified\":\"2023-01-23T15:51:12+00:00\",\"description\":\"Die Dreibettzimmer bieten noch mehr Platz und sind wie Mini-Studios gestaltet. Das Dekor ist elegant und modern mit neutralen Farben und sanfter\",\"breadcrumb\":{\"@id\":\"https:\/\/hotelambreparis.com\/de\/zimmer\/dreibettzimmer-mit-terrasse-oder-terrasse\/#breadcrumb\"},\"inLanguage\":\"de-DE\",\"potentialAction\":[{\"@type\":\"ReadAction\",\"target\":[\"https:\/\/hotelambreparis.com\/de\/zimmer\/dreibettzimmer-mit-terrasse-oder-terrasse\/\"]}]},{\"@type\":\"BreadcrumbList\",\"@id\":\"https:\/\/hotelambreparis.com\/de\/zimmer\/dreibettzimmer-mit-terrasse-oder-terrasse\/#breadcrumb\",\"itemListElement\":[{\"@type\":\"ListItem\",\"position\":1,\"name\":\"Accueil\",\"item\":\"https:\/\/hotelambreparis.com\/de\/\"},{\"@type\":\"ListItem\",\"position\":2,\"name\":\"Zimmer\",\"item\":\"https:\/\/hotelambreparis.com\/de\/zimmer\/\"},{\"@type\":\"ListItem\",\"position\":3,\"name\":\"Dreibettzimmer mit Terrasse oder Terrasse\"}]},{\"@type\":\"WebSite\",\"@id\":\"https:\/\/hotelambreparis.com\/de\/#website\",\"url\":\"https:\/\/hotelambreparis.com\/de\/\",\"name\":\"Ambre Hotel\",\"description\":\"Un site utilisant ms.decms.eu\",\"potentialAction\":[{\"@type\":\"SearchAction\",\"target\":{\"@type\":\"EntryPoint\",\"urlTemplate\":\"https:\/\/hotelambreparis.com\/de\/?s={search_term_string}\"},\"query-input\":{\"@type\":\"PropertyValueSpecification\",\"valueRequired\":true,\"valueName\":\"search_term_string\"}}],\"inLanguage\":\"de-DE\"}]}<\/script>\n<!-- \/ Yoast SEO plugin. -->","yoast_head_json":{"title":"Dreibettzimmer mit Terrasse oder Terrasse - Ambre Hotel","description":"Die Dreibettzimmer bieten noch mehr Platz und sind wie Mini-Studios gestaltet. Das Dekor ist elegant und modern mit neutralen Farben und sanfter","robots":{"index":"index","follow":"follow","max-snippet":"max-snippet:-1","max-image-preview":"max-image-preview:large","max-video-preview":"max-video-preview:-1"},"canonical":"https:\/\/hotelambreparis.com\/de\/zimmer\/dreibettzimmer-mit-terrasse-oder-terrasse\/","og_locale":"de_DE","og_type":"article","og_title":"Dreibettzimmer mit Terrasse oder Terrasse - Ambre Hotel","og_description":"Die Dreibettzimmer bieten noch mehr Platz und sind wie Mini-Studios gestaltet. Das Dekor ist elegant und modern mit neutralen Farben und sanfter","og_url":"https:\/\/hotelambreparis.com\/de\/zimmer\/dreibettzimmer-mit-terrasse-oder-terrasse\/","og_site_name":"Ambre Hotel","article_modified_time":"2023-01-23T15:51:12+00:00","twitter_card":"summary_large_image","schema":{"@context":"https:\/\/schema.org","@graph":[{"@type":"WebPage","@id":"https:\/\/hotelambreparis.com\/de\/zimmer\/dreibettzimmer-mit-terrasse-oder-terrasse\/","url":"https:\/\/hotelambreparis.com\/de\/zimmer\/dreibettzimmer-mit-terrasse-oder-terrasse\/","name":"Dreibettzimmer mit Terrasse oder Terrasse - Ambre Hotel","isPartOf":{"@id":"https:\/\/hotelambreparis.com\/de\/#website"},"datePublished":"2022-06-01T15:01:18+00:00","dateModified":"2023-01-23T15:51:12+00:00","description":"Die Dreibettzimmer bieten noch mehr Platz und sind wie Mini-Studios gestaltet. Das Dekor ist elegant und modern mit neutralen Farben und sanfter","breadcrumb":{"@id":"https:\/\/hotelambreparis.com\/de\/zimmer\/dreibettzimmer-mit-terrasse-oder-terrasse\/#breadcrumb"},"inLanguage":"de-DE","potentialAction":[{"@type":"ReadAction","target":["https:\/\/hotelambreparis.com\/de\/zimmer\/dreibettzimmer-mit-terrasse-oder-terrasse\/"]}]},{"@type":"BreadcrumbList","@id":"https:\/\/hotelambreparis.com\/de\/zimmer\/dreibettzimmer-mit-terrasse-oder-terrasse\/#breadcrumb","itemListElement":[{"@type":"ListItem","position":1,"name":"Accueil","item":"https:\/\/hotelambreparis.com\/de\/"},{"@type":"ListItem","position":2,"name":"Zimmer","item":"https:\/\/hotelambreparis.com\/de\/zimmer\/"},{"@type":"ListItem","position":3,"name":"Dreibettzimmer mit Terrasse oder Terrasse"}]},{"@type":"WebSite","@id":"https:\/\/hotelambreparis.com\/de\/#website","url":"https:\/\/hotelambreparis.com\/de\/","name":"Ambre Hotel","description":"Un site utilisant ms.decms.eu","potentialAction":[{"@type":"SearchAction","target":{"@type":"EntryPoint","urlTemplate":"https:\/\/hotelambreparis.com\/de\/?s={search_term_string}"},"query-input":{"@type":"PropertyValueSpecification","valueRequired":true,"valueName":"search_term_string"}}],"inLanguage":"de-DE"}]}},"acf":[],"_links":{"self":[{"href":"https:\/\/hotelambreparis.com\/de\/wp-json\/wp\/v2\/pages\/146","targetHints":{"allow":["GET"]}}],"collection":[{"href":"https:\/\/hotelambreparis.com\/de\/wp-json\/wp\/v2\/pages"}],"about":[{"href":"https:\/\/hotelambreparis.com\/de\/wp-json\/wp\/v2\/types\/page"}],"author":[{"embeddable":true,"href":"https:\/\/hotelambreparis.com\/de\/wp-json\/wp\/v2\/users\/5"}],"replies":[{"embeddable":true,"href":"https:\/\/hotelambreparis.com\/de\/wp-json\/wp\/v2\/comments?post=146"}],"version-history":[{"count":0,"href":"https:\/\/hotelambreparis.com\/de\/wp-json\/wp\/v2\/pages\/146\/revisions"}],"up":[{"embeddable":true,"href":"https:\/\/hotelambreparis.com\/de\/wp-json\/wp\/v2\/pages\/128"}],"wp:attachment":[{"href":"https:\/\/hotelambreparis.com\/de\/wp-json\/wp\/v2\/media?parent=146"}],"curies":[{"name":"wp","href":"https:\/\/api.w.org\/{rel}","templated":true}]}}