{"id":143,"date":"2022-06-01T16:59:43","date_gmt":"2022-06-01T14:59:43","guid":{"rendered":"https:\/\/ambre.ms.decms.eu\/chambres\/chambre-triple-superieure\/"},"modified":"2023-01-23T16:47:37","modified_gmt":"2023-01-23T15:47:37","slug":"superior-dreibettzimmer","status":"publish","type":"page","link":"https:\/\/hotelambreparis.com\/de\/zimmer\/superior-dreibettzimmer\/","title":{"rendered":"Superior-Dreibettzimmer"},"content":{"rendered":"<p>Die Dreibettzimmer bieten noch mehr Platz und sind wie Mini-Studios gestaltet. Das Dekor ist elegant und modern mit neutralen Farben und sanfter Beleuchtung. F\u00fcr alle Kunden der Website ist der Parkplatz kostenlos (falls verf\u00fcgbar), wenden Sie sich bitte an die Rezeption, um die Verf\u00fcgbarkeit zu erfahren. Die modernen, komplett gefliesten Badezimmer sind mit ger\u00e4umigen Badewannen ausgestattet. Das Zimmer verf\u00fcgt auch \u00fcber eine ausgestattete K\u00fcchenzeile.<\/p>\n","protected":false},"excerpt":{"rendered":"<p>Die Dreibettzimmer bieten noch mehr Platz und sind wie Mini-Studios gestaltet. Das Dekor ist elegant und modern mit neutralen Farben und sanfter Beleuchtung. F\u00fcr alle Kunden der Website ist der Parkplatz kostenlos (falls verf\u00fcgbar), wenden Sie sich bitte an die Rezeption, um die Verf\u00fcgbarkeit zu erfahren. Die modernen, komplett gefliesten Badezimmer sind mit ger\u00e4umigen Badewannen [&hellip;]<\/p>\n","protected":false},"author":5,"featured_media":0,"parent":128,"menu_order":50,"comment_status":"closed","ping_status":"closed","template":"template-single-room.php","meta":{"footnotes":""},"class_list":["post-143","page","type-page","status-publish","hentry"],"yoast_head":"<!-- This site is optimized with the Yoast SEO plugin v26.9 - https:\/\/yoast.com\/product\/yoast-seo-wordpress\/ -->\n<title>Superior-Dreibettzimmer - Ambre Hotel<\/title>\n<meta name=\"description\" content=\"Die Dreibettzimmer bieten noch mehr Platz und sind wie Mini-Studios gestaltet. Das Dekor ist elegant und modern mit neutralen Farben und sanfter\" \/>\n<meta name=\"robots\" content=\"index, follow, max-snippet:-1, max-image-preview:large, max-video-preview:-1\" \/>\n<link rel=\"canonical\" href=\"https:\/\/hotelambreparis.com\/de\/zimmer\/superior-dreibettzimmer\/\" \/>\n<meta property=\"og:locale\" content=\"de_DE\" \/>\n<meta property=\"og:type\" content=\"article\" \/>\n<meta property=\"og:title\" content=\"Superior-Dreibettzimmer - Ambre Hotel\" \/>\n<meta property=\"og:description\" content=\"Die Dreibettzimmer bieten noch mehr Platz und sind wie Mini-Studios gestaltet. Das Dekor ist elegant und modern mit neutralen Farben und sanfter\" \/>\n<meta property=\"og:url\" content=\"https:\/\/hotelambreparis.com\/de\/zimmer\/superior-dreibettzimmer\/\" \/>\n<meta property=\"og:site_name\" content=\"Ambre Hotel\" \/>\n<meta property=\"article:modified_time\" content=\"2023-01-23T15:47:37+00:00\" \/>\n<meta name=\"twitter:card\" content=\"summary_large_image\" \/>\n<script type=\"application\/ld+json\" class=\"yoast-schema-graph\">{\"@context\":\"https:\/\/schema.org\",\"@graph\":[{\"@type\":\"WebPage\",\"@id\":\"https:\/\/hotelambreparis.com\/de\/zimmer\/superior-dreibettzimmer\/\",\"url\":\"https:\/\/hotelambreparis.com\/de\/zimmer\/superior-dreibettzimmer\/\",\"name\":\"Superior-Dreibettzimmer - Ambre Hotel\",\"isPartOf\":{\"@id\":\"https:\/\/hotelambreparis.com\/de\/#website\"},\"datePublished\":\"2022-06-01T14:59:43+00:00\",\"dateModified\":\"2023-01-23T15:47:37+00:00\",\"description\":\"Die Dreibettzimmer bieten noch mehr Platz und sind wie Mini-Studios gestaltet. Das Dekor ist elegant und modern mit neutralen Farben und sanfter\",\"breadcrumb\":{\"@id\":\"https:\/\/hotelambreparis.com\/de\/zimmer\/superior-dreibettzimmer\/#breadcrumb\"},\"inLanguage\":\"de-DE\",\"potentialAction\":[{\"@type\":\"ReadAction\",\"target\":[\"https:\/\/hotelambreparis.com\/de\/zimmer\/superior-dreibettzimmer\/\"]}]},{\"@type\":\"BreadcrumbList\",\"@id\":\"https:\/\/hotelambreparis.com\/de\/zimmer\/superior-dreibettzimmer\/#breadcrumb\",\"itemListElement\":[{\"@type\":\"ListItem\",\"position\":1,\"name\":\"Accueil\",\"item\":\"https:\/\/hotelambreparis.com\/de\/\"},{\"@type\":\"ListItem\",\"position\":2,\"name\":\"Zimmer\",\"item\":\"https:\/\/hotelambreparis.com\/de\/zimmer\/\"},{\"@type\":\"ListItem\",\"position\":3,\"name\":\"Superior-Dreibettzimmer\"}]},{\"@type\":\"WebSite\",\"@id\":\"https:\/\/hotelambreparis.com\/de\/#website\",\"url\":\"https:\/\/hotelambreparis.com\/de\/\",\"name\":\"Ambre Hotel\",\"description\":\"Un site utilisant ms.decms.eu\",\"potentialAction\":[{\"@type\":\"SearchAction\",\"target\":{\"@type\":\"EntryPoint\",\"urlTemplate\":\"https:\/\/hotelambreparis.com\/de\/?s={search_term_string}\"},\"query-input\":{\"@type\":\"PropertyValueSpecification\",\"valueRequired\":true,\"valueName\":\"search_term_string\"}}],\"inLanguage\":\"de-DE\"}]}<\/script>\n<!-- \/ Yoast SEO plugin. -->","yoast_head_json":{"title":"Superior-Dreibettzimmer - Ambre Hotel","description":"Die Dreibettzimmer bieten noch mehr Platz und sind wie Mini-Studios gestaltet. Das Dekor ist elegant und modern mit neutralen Farben und sanfter","robots":{"index":"index","follow":"follow","max-snippet":"max-snippet:-1","max-image-preview":"max-image-preview:large","max-video-preview":"max-video-preview:-1"},"canonical":"https:\/\/hotelambreparis.com\/de\/zimmer\/superior-dreibettzimmer\/","og_locale":"de_DE","og_type":"article","og_title":"Superior-Dreibettzimmer - Ambre Hotel","og_description":"Die Dreibettzimmer bieten noch mehr Platz und sind wie Mini-Studios gestaltet. Das Dekor ist elegant und modern mit neutralen Farben und sanfter","og_url":"https:\/\/hotelambreparis.com\/de\/zimmer\/superior-dreibettzimmer\/","og_site_name":"Ambre Hotel","article_modified_time":"2023-01-23T15:47:37+00:00","twitter_card":"summary_large_image","schema":{"@context":"https:\/\/schema.org","@graph":[{"@type":"WebPage","@id":"https:\/\/hotelambreparis.com\/de\/zimmer\/superior-dreibettzimmer\/","url":"https:\/\/hotelambreparis.com\/de\/zimmer\/superior-dreibettzimmer\/","name":"Superior-Dreibettzimmer - Ambre Hotel","isPartOf":{"@id":"https:\/\/hotelambreparis.com\/de\/#website"},"datePublished":"2022-06-01T14:59:43+00:00","dateModified":"2023-01-23T15:47:37+00:00","description":"Die Dreibettzimmer bieten noch mehr Platz und sind wie Mini-Studios gestaltet. Das Dekor ist elegant und modern mit neutralen Farben und sanfter","breadcrumb":{"@id":"https:\/\/hotelambreparis.com\/de\/zimmer\/superior-dreibettzimmer\/#breadcrumb"},"inLanguage":"de-DE","potentialAction":[{"@type":"ReadAction","target":["https:\/\/hotelambreparis.com\/de\/zimmer\/superior-dreibettzimmer\/"]}]},{"@type":"BreadcrumbList","@id":"https:\/\/hotelambreparis.com\/de\/zimmer\/superior-dreibettzimmer\/#breadcrumb","itemListElement":[{"@type":"ListItem","position":1,"name":"Accueil","item":"https:\/\/hotelambreparis.com\/de\/"},{"@type":"ListItem","position":2,"name":"Zimmer","item":"https:\/\/hotelambreparis.com\/de\/zimmer\/"},{"@type":"ListItem","position":3,"name":"Superior-Dreibettzimmer"}]},{"@type":"WebSite","@id":"https:\/\/hotelambreparis.com\/de\/#website","url":"https:\/\/hotelambreparis.com\/de\/","name":"Ambre Hotel","description":"Un site utilisant ms.decms.eu","potentialAction":[{"@type":"SearchAction","target":{"@type":"EntryPoint","urlTemplate":"https:\/\/hotelambreparis.com\/de\/?s={search_term_string}"},"query-input":{"@type":"PropertyValueSpecification","valueRequired":true,"valueName":"search_term_string"}}],"inLanguage":"de-DE"}]}},"acf":[],"_links":{"self":[{"href":"https:\/\/hotelambreparis.com\/de\/wp-json\/wp\/v2\/pages\/143","targetHints":{"allow":["GET"]}}],"collection":[{"href":"https:\/\/hotelambreparis.com\/de\/wp-json\/wp\/v2\/pages"}],"about":[{"href":"https:\/\/hotelambreparis.com\/de\/wp-json\/wp\/v2\/types\/page"}],"author":[{"embeddable":true,"href":"https:\/\/hotelambreparis.com\/de\/wp-json\/wp\/v2\/users\/5"}],"replies":[{"embeddable":true,"href":"https:\/\/hotelambreparis.com\/de\/wp-json\/wp\/v2\/comments?post=143"}],"version-history":[{"count":0,"href":"https:\/\/hotelambreparis.com\/de\/wp-json\/wp\/v2\/pages\/143\/revisions"}],"up":[{"embeddable":true,"href":"https:\/\/hotelambreparis.com\/de\/wp-json\/wp\/v2\/pages\/128"}],"wp:attachment":[{"href":"https:\/\/hotelambreparis.com\/de\/wp-json\/wp\/v2\/media?parent=143"}],"curies":[{"name":"wp","href":"https:\/\/api.w.org\/{rel}","templated":true}]}}