{"id":134,"date":"2022-06-01T16:57:23","date_gmt":"2022-06-01T14:57:23","guid":{"rendered":"https:\/\/ambre.ms.decms.eu\/chambres\/chambre-double-deluxe\/"},"modified":"2023-01-23T16:37:37","modified_gmt":"2023-01-23T15:37:37","slug":"deluxe-doppelzimmer","status":"publish","type":"page","link":"https:\/\/hotelambreparis.com\/de\/zimmer\/deluxe-doppelzimmer\/","title":{"rendered":"Deluxe Doppelzimmer"},"content":{"rendered":"<p>Die Deluxe Doppelzimmer bieten noch mehr Platz und sind wie kleine Studios eingerichtet. Hier finden wir die Eleganz eines modernen Dekors mit n\u00fcchternen Farben, die durch eine weiche, gut streuende Beleuchtung hervorgehoben werden.<\/p>\n<p>Dieses elegante Zimmer verf\u00fcgt \u00fcber einen TV, ein Telefon und eine voll ausgestattete K\u00fcchenzeile. WLAN nutzen Sie kostenfrei.<\/p>\n","protected":false},"excerpt":{"rendered":"<p>Die Deluxe Doppelzimmer bieten noch mehr Platz und sind wie kleine Studios eingerichtet. Hier finden wir die Eleganz eines modernen Dekors mit n\u00fcchternen Farben, die durch eine weiche, gut streuende Beleuchtung hervorgehoben werden. Dieses elegante Zimmer verf\u00fcgt \u00fcber einen TV, ein Telefon und eine voll ausgestattete K\u00fcchenzeile. WLAN nutzen Sie kostenfrei.<\/p>\n","protected":false},"author":5,"featured_media":0,"parent":128,"menu_order":20,"comment_status":"closed","ping_status":"closed","template":"template-single-room.php","meta":{"footnotes":""},"class_list":["post-134","page","type-page","status-publish","hentry"],"yoast_head":"<!-- This site is optimized with the Yoast SEO plugin v26.9 - https:\/\/yoast.com\/product\/yoast-seo-wordpress\/ -->\n<title>Deluxe Doppelzimmer - Ambre Hotel<\/title>\n<meta name=\"description\" content=\"Die Deluxe Doppelzimmer bieten noch mehr Platz und sind wie kleine Studios eingerichtet. Hier finden wir die Eleganz eines modernen Dekors mit n\u00fcchternen\" \/>\n<meta name=\"robots\" content=\"index, follow, max-snippet:-1, max-image-preview:large, max-video-preview:-1\" \/>\n<link rel=\"canonical\" href=\"https:\/\/hotelambreparis.com\/de\/zimmer\/deluxe-doppelzimmer\/\" \/>\n<meta property=\"og:locale\" content=\"de_DE\" \/>\n<meta property=\"og:type\" content=\"article\" \/>\n<meta property=\"og:title\" content=\"Deluxe Doppelzimmer - Ambre Hotel\" \/>\n<meta property=\"og:description\" content=\"Die Deluxe Doppelzimmer bieten noch mehr Platz und sind wie kleine Studios eingerichtet. Hier finden wir die Eleganz eines modernen Dekors mit n\u00fcchternen\" \/>\n<meta property=\"og:url\" content=\"https:\/\/hotelambreparis.com\/de\/zimmer\/deluxe-doppelzimmer\/\" \/>\n<meta property=\"og:site_name\" content=\"Ambre Hotel\" \/>\n<meta property=\"article:modified_time\" content=\"2023-01-23T15:37:37+00:00\" \/>\n<meta name=\"twitter:card\" content=\"summary_large_image\" \/>\n<script type=\"application\/ld+json\" class=\"yoast-schema-graph\">{\"@context\":\"https:\/\/schema.org\",\"@graph\":[{\"@type\":\"WebPage\",\"@id\":\"https:\/\/hotelambreparis.com\/de\/zimmer\/deluxe-doppelzimmer\/\",\"url\":\"https:\/\/hotelambreparis.com\/de\/zimmer\/deluxe-doppelzimmer\/\",\"name\":\"Deluxe Doppelzimmer - Ambre Hotel\",\"isPartOf\":{\"@id\":\"https:\/\/hotelambreparis.com\/de\/#website\"},\"datePublished\":\"2022-06-01T14:57:23+00:00\",\"dateModified\":\"2023-01-23T15:37:37+00:00\",\"description\":\"Die Deluxe Doppelzimmer bieten noch mehr Platz und sind wie kleine Studios eingerichtet. Hier finden wir die Eleganz eines modernen Dekors mit n\u00fcchternen\",\"breadcrumb\":{\"@id\":\"https:\/\/hotelambreparis.com\/de\/zimmer\/deluxe-doppelzimmer\/#breadcrumb\"},\"inLanguage\":\"de-DE\",\"potentialAction\":[{\"@type\":\"ReadAction\",\"target\":[\"https:\/\/hotelambreparis.com\/de\/zimmer\/deluxe-doppelzimmer\/\"]}]},{\"@type\":\"BreadcrumbList\",\"@id\":\"https:\/\/hotelambreparis.com\/de\/zimmer\/deluxe-doppelzimmer\/#breadcrumb\",\"itemListElement\":[{\"@type\":\"ListItem\",\"position\":1,\"name\":\"Accueil\",\"item\":\"https:\/\/hotelambreparis.com\/de\/\"},{\"@type\":\"ListItem\",\"position\":2,\"name\":\"Zimmer\",\"item\":\"https:\/\/hotelambreparis.com\/de\/zimmer\/\"},{\"@type\":\"ListItem\",\"position\":3,\"name\":\"Deluxe Doppelzimmer\"}]},{\"@type\":\"WebSite\",\"@id\":\"https:\/\/hotelambreparis.com\/de\/#website\",\"url\":\"https:\/\/hotelambreparis.com\/de\/\",\"name\":\"Ambre Hotel\",\"description\":\"Un site utilisant ms.decms.eu\",\"potentialAction\":[{\"@type\":\"SearchAction\",\"target\":{\"@type\":\"EntryPoint\",\"urlTemplate\":\"https:\/\/hotelambreparis.com\/de\/?s={search_term_string}\"},\"query-input\":{\"@type\":\"PropertyValueSpecification\",\"valueRequired\":true,\"valueName\":\"search_term_string\"}}],\"inLanguage\":\"de-DE\"}]}<\/script>\n<!-- \/ Yoast SEO plugin. -->","yoast_head_json":{"title":"Deluxe Doppelzimmer - Ambre Hotel","description":"Die Deluxe Doppelzimmer bieten noch mehr Platz und sind wie kleine Studios eingerichtet. Hier finden wir die Eleganz eines modernen Dekors mit n\u00fcchternen","robots":{"index":"index","follow":"follow","max-snippet":"max-snippet:-1","max-image-preview":"max-image-preview:large","max-video-preview":"max-video-preview:-1"},"canonical":"https:\/\/hotelambreparis.com\/de\/zimmer\/deluxe-doppelzimmer\/","og_locale":"de_DE","og_type":"article","og_title":"Deluxe Doppelzimmer - Ambre Hotel","og_description":"Die Deluxe Doppelzimmer bieten noch mehr Platz und sind wie kleine Studios eingerichtet. Hier finden wir die Eleganz eines modernen Dekors mit n\u00fcchternen","og_url":"https:\/\/hotelambreparis.com\/de\/zimmer\/deluxe-doppelzimmer\/","og_site_name":"Ambre Hotel","article_modified_time":"2023-01-23T15:37:37+00:00","twitter_card":"summary_large_image","schema":{"@context":"https:\/\/schema.org","@graph":[{"@type":"WebPage","@id":"https:\/\/hotelambreparis.com\/de\/zimmer\/deluxe-doppelzimmer\/","url":"https:\/\/hotelambreparis.com\/de\/zimmer\/deluxe-doppelzimmer\/","name":"Deluxe Doppelzimmer - Ambre Hotel","isPartOf":{"@id":"https:\/\/hotelambreparis.com\/de\/#website"},"datePublished":"2022-06-01T14:57:23+00:00","dateModified":"2023-01-23T15:37:37+00:00","description":"Die Deluxe Doppelzimmer bieten noch mehr Platz und sind wie kleine Studios eingerichtet. Hier finden wir die Eleganz eines modernen Dekors mit n\u00fcchternen","breadcrumb":{"@id":"https:\/\/hotelambreparis.com\/de\/zimmer\/deluxe-doppelzimmer\/#breadcrumb"},"inLanguage":"de-DE","potentialAction":[{"@type":"ReadAction","target":["https:\/\/hotelambreparis.com\/de\/zimmer\/deluxe-doppelzimmer\/"]}]},{"@type":"BreadcrumbList","@id":"https:\/\/hotelambreparis.com\/de\/zimmer\/deluxe-doppelzimmer\/#breadcrumb","itemListElement":[{"@type":"ListItem","position":1,"name":"Accueil","item":"https:\/\/hotelambreparis.com\/de\/"},{"@type":"ListItem","position":2,"name":"Zimmer","item":"https:\/\/hotelambreparis.com\/de\/zimmer\/"},{"@type":"ListItem","position":3,"name":"Deluxe Doppelzimmer"}]},{"@type":"WebSite","@id":"https:\/\/hotelambreparis.com\/de\/#website","url":"https:\/\/hotelambreparis.com\/de\/","name":"Ambre Hotel","description":"Un site utilisant ms.decms.eu","potentialAction":[{"@type":"SearchAction","target":{"@type":"EntryPoint","urlTemplate":"https:\/\/hotelambreparis.com\/de\/?s={search_term_string}"},"query-input":{"@type":"PropertyValueSpecification","valueRequired":true,"valueName":"search_term_string"}}],"inLanguage":"de-DE"}]}},"acf":[],"_links":{"self":[{"href":"https:\/\/hotelambreparis.com\/de\/wp-json\/wp\/v2\/pages\/134","targetHints":{"allow":["GET"]}}],"collection":[{"href":"https:\/\/hotelambreparis.com\/de\/wp-json\/wp\/v2\/pages"}],"about":[{"href":"https:\/\/hotelambreparis.com\/de\/wp-json\/wp\/v2\/types\/page"}],"author":[{"embeddable":true,"href":"https:\/\/hotelambreparis.com\/de\/wp-json\/wp\/v2\/users\/5"}],"replies":[{"embeddable":true,"href":"https:\/\/hotelambreparis.com\/de\/wp-json\/wp\/v2\/comments?post=134"}],"version-history":[{"count":0,"href":"https:\/\/hotelambreparis.com\/de\/wp-json\/wp\/v2\/pages\/134\/revisions"}],"up":[{"embeddable":true,"href":"https:\/\/hotelambreparis.com\/de\/wp-json\/wp\/v2\/pages\/128"}],"wp:attachment":[{"href":"https:\/\/hotelambreparis.com\/de\/wp-json\/wp\/v2\/media?parent=134"}],"curies":[{"name":"wp","href":"https:\/\/api.w.org\/{rel}","templated":true}]}}