{"id":131,"date":"2022-06-01T16:56:43","date_gmt":"2022-06-01T14:56:43","guid":{"rendered":"https:\/\/ambre.ms.decms.eu\/chambres\/chambre-double\/"},"modified":"2023-01-23T16:34:54","modified_gmt":"2023-01-23T15:34:54","slug":"doppelzimmer","status":"publish","type":"page","link":"https:\/\/hotelambreparis.com\/de\/zimmer\/doppelzimmer\/","title":{"rendered":"Doppelzimmer"},"content":{"rendered":"<p>Diese ger\u00e4umigen Zimmer f\u00fcr 2 Personen bieten ein raffiniertes, modernes Design mit Holzb\u00f6den und gro\u00dfen, bequemen Betten mit makellos wei\u00dfen Bettl\u00e4ufern.<br \/>\nDieses elegante Zimmer verf\u00fcgt \u00fcber einen TV, ein Telefon und eine voll ausgestattete K\u00fcchenzeile. WLAN nutzen Sie kostenfrei.<\/p>\n<p>Es kann kein Kinderbett unterbringen.<\/p>\n","protected":false},"excerpt":{"rendered":"<p>Diese ger\u00e4umigen Zimmer f\u00fcr 2 Personen bieten ein raffiniertes, modernes Design mit Holzb\u00f6den und gro\u00dfen, bequemen Betten mit makellos wei\u00dfen Bettl\u00e4ufern. Dieses elegante Zimmer verf\u00fcgt \u00fcber einen TV, ein Telefon und eine voll ausgestattete K\u00fcchenzeile. WLAN nutzen Sie kostenfrei. Es kann kein Kinderbett unterbringen.<\/p>\n","protected":false},"author":5,"featured_media":0,"parent":128,"menu_order":10,"comment_status":"closed","ping_status":"closed","template":"template-single-room.php","meta":{"footnotes":""},"class_list":["post-131","page","type-page","status-publish","hentry"],"yoast_head":"<!-- This site is optimized with the Yoast SEO plugin v26.9 - https:\/\/yoast.com\/product\/yoast-seo-wordpress\/ -->\n<title>Doppelzimmer - Ambre Hotel<\/title>\n<meta name=\"description\" content=\"Diese ger\u00e4umigen Zimmer f\u00fcr 2 Personen bieten ein raffiniertes, modernes Design mit Holzb\u00f6den und gro\u00dfen, bequemen Betten mit makellos wei\u00dfen Bettl\u00e4ufern.\" \/>\n<meta name=\"robots\" content=\"index, follow, max-snippet:-1, max-image-preview:large, max-video-preview:-1\" \/>\n<link rel=\"canonical\" href=\"https:\/\/hotelambreparis.com\/de\/zimmer\/doppelzimmer\/\" \/>\n<meta property=\"og:locale\" content=\"de_DE\" \/>\n<meta property=\"og:type\" content=\"article\" \/>\n<meta property=\"og:title\" content=\"Doppelzimmer - Ambre Hotel\" \/>\n<meta property=\"og:description\" content=\"Diese ger\u00e4umigen Zimmer f\u00fcr 2 Personen bieten ein raffiniertes, modernes Design mit Holzb\u00f6den und gro\u00dfen, bequemen Betten mit makellos wei\u00dfen Bettl\u00e4ufern.\" \/>\n<meta property=\"og:url\" content=\"https:\/\/hotelambreparis.com\/de\/zimmer\/doppelzimmer\/\" \/>\n<meta property=\"og:site_name\" content=\"Ambre Hotel\" \/>\n<meta property=\"article:modified_time\" content=\"2023-01-23T15:34:54+00:00\" \/>\n<meta name=\"twitter:card\" content=\"summary_large_image\" \/>\n<script type=\"application\/ld+json\" class=\"yoast-schema-graph\">{\"@context\":\"https:\/\/schema.org\",\"@graph\":[{\"@type\":\"WebPage\",\"@id\":\"https:\/\/hotelambreparis.com\/de\/zimmer\/doppelzimmer\/\",\"url\":\"https:\/\/hotelambreparis.com\/de\/zimmer\/doppelzimmer\/\",\"name\":\"Doppelzimmer - Ambre Hotel\",\"isPartOf\":{\"@id\":\"https:\/\/hotelambreparis.com\/de\/#website\"},\"datePublished\":\"2022-06-01T14:56:43+00:00\",\"dateModified\":\"2023-01-23T15:34:54+00:00\",\"description\":\"Diese ger\u00e4umigen Zimmer f\u00fcr 2 Personen bieten ein raffiniertes, modernes Design mit Holzb\u00f6den und gro\u00dfen, bequemen Betten mit makellos wei\u00dfen Bettl\u00e4ufern.\",\"breadcrumb\":{\"@id\":\"https:\/\/hotelambreparis.com\/de\/zimmer\/doppelzimmer\/#breadcrumb\"},\"inLanguage\":\"de-DE\",\"potentialAction\":[{\"@type\":\"ReadAction\",\"target\":[\"https:\/\/hotelambreparis.com\/de\/zimmer\/doppelzimmer\/\"]}]},{\"@type\":\"BreadcrumbList\",\"@id\":\"https:\/\/hotelambreparis.com\/de\/zimmer\/doppelzimmer\/#breadcrumb\",\"itemListElement\":[{\"@type\":\"ListItem\",\"position\":1,\"name\":\"Accueil\",\"item\":\"https:\/\/hotelambreparis.com\/de\/\"},{\"@type\":\"ListItem\",\"position\":2,\"name\":\"Zimmer\",\"item\":\"https:\/\/hotelambreparis.com\/de\/zimmer\/\"},{\"@type\":\"ListItem\",\"position\":3,\"name\":\"Doppelzimmer\"}]},{\"@type\":\"WebSite\",\"@id\":\"https:\/\/hotelambreparis.com\/de\/#website\",\"url\":\"https:\/\/hotelambreparis.com\/de\/\",\"name\":\"Ambre Hotel\",\"description\":\"Un site utilisant ms.decms.eu\",\"potentialAction\":[{\"@type\":\"SearchAction\",\"target\":{\"@type\":\"EntryPoint\",\"urlTemplate\":\"https:\/\/hotelambreparis.com\/de\/?s={search_term_string}\"},\"query-input\":{\"@type\":\"PropertyValueSpecification\",\"valueRequired\":true,\"valueName\":\"search_term_string\"}}],\"inLanguage\":\"de-DE\"}]}<\/script>\n<!-- \/ Yoast SEO plugin. -->","yoast_head_json":{"title":"Doppelzimmer - Ambre Hotel","description":"Diese ger\u00e4umigen Zimmer f\u00fcr 2 Personen bieten ein raffiniertes, modernes Design mit Holzb\u00f6den und gro\u00dfen, bequemen Betten mit makellos wei\u00dfen Bettl\u00e4ufern.","robots":{"index":"index","follow":"follow","max-snippet":"max-snippet:-1","max-image-preview":"max-image-preview:large","max-video-preview":"max-video-preview:-1"},"canonical":"https:\/\/hotelambreparis.com\/de\/zimmer\/doppelzimmer\/","og_locale":"de_DE","og_type":"article","og_title":"Doppelzimmer - Ambre Hotel","og_description":"Diese ger\u00e4umigen Zimmer f\u00fcr 2 Personen bieten ein raffiniertes, modernes Design mit Holzb\u00f6den und gro\u00dfen, bequemen Betten mit makellos wei\u00dfen Bettl\u00e4ufern.","og_url":"https:\/\/hotelambreparis.com\/de\/zimmer\/doppelzimmer\/","og_site_name":"Ambre Hotel","article_modified_time":"2023-01-23T15:34:54+00:00","twitter_card":"summary_large_image","schema":{"@context":"https:\/\/schema.org","@graph":[{"@type":"WebPage","@id":"https:\/\/hotelambreparis.com\/de\/zimmer\/doppelzimmer\/","url":"https:\/\/hotelambreparis.com\/de\/zimmer\/doppelzimmer\/","name":"Doppelzimmer - Ambre Hotel","isPartOf":{"@id":"https:\/\/hotelambreparis.com\/de\/#website"},"datePublished":"2022-06-01T14:56:43+00:00","dateModified":"2023-01-23T15:34:54+00:00","description":"Diese ger\u00e4umigen Zimmer f\u00fcr 2 Personen bieten ein raffiniertes, modernes Design mit Holzb\u00f6den und gro\u00dfen, bequemen Betten mit makellos wei\u00dfen Bettl\u00e4ufern.","breadcrumb":{"@id":"https:\/\/hotelambreparis.com\/de\/zimmer\/doppelzimmer\/#breadcrumb"},"inLanguage":"de-DE","potentialAction":[{"@type":"ReadAction","target":["https:\/\/hotelambreparis.com\/de\/zimmer\/doppelzimmer\/"]}]},{"@type":"BreadcrumbList","@id":"https:\/\/hotelambreparis.com\/de\/zimmer\/doppelzimmer\/#breadcrumb","itemListElement":[{"@type":"ListItem","position":1,"name":"Accueil","item":"https:\/\/hotelambreparis.com\/de\/"},{"@type":"ListItem","position":2,"name":"Zimmer","item":"https:\/\/hotelambreparis.com\/de\/zimmer\/"},{"@type":"ListItem","position":3,"name":"Doppelzimmer"}]},{"@type":"WebSite","@id":"https:\/\/hotelambreparis.com\/de\/#website","url":"https:\/\/hotelambreparis.com\/de\/","name":"Ambre Hotel","description":"Un site utilisant ms.decms.eu","potentialAction":[{"@type":"SearchAction","target":{"@type":"EntryPoint","urlTemplate":"https:\/\/hotelambreparis.com\/de\/?s={search_term_string}"},"query-input":{"@type":"PropertyValueSpecification","valueRequired":true,"valueName":"search_term_string"}}],"inLanguage":"de-DE"}]}},"acf":[],"_links":{"self":[{"href":"https:\/\/hotelambreparis.com\/de\/wp-json\/wp\/v2\/pages\/131","targetHints":{"allow":["GET"]}}],"collection":[{"href":"https:\/\/hotelambreparis.com\/de\/wp-json\/wp\/v2\/pages"}],"about":[{"href":"https:\/\/hotelambreparis.com\/de\/wp-json\/wp\/v2\/types\/page"}],"author":[{"embeddable":true,"href":"https:\/\/hotelambreparis.com\/de\/wp-json\/wp\/v2\/users\/5"}],"replies":[{"embeddable":true,"href":"https:\/\/hotelambreparis.com\/de\/wp-json\/wp\/v2\/comments?post=131"}],"version-history":[{"count":0,"href":"https:\/\/hotelambreparis.com\/de\/wp-json\/wp\/v2\/pages\/131\/revisions"}],"up":[{"embeddable":true,"href":"https:\/\/hotelambreparis.com\/de\/wp-json\/wp\/v2\/pages\/128"}],"wp:attachment":[{"href":"https:\/\/hotelambreparis.com\/de\/wp-json\/wp\/v2\/media?parent=131"}],"curies":[{"name":"wp","href":"https:\/\/api.w.org\/{rel}","templated":true}]}}