{"id":128,"date":"2022-06-01T16:55:03","date_gmt":"2022-06-01T14:55:03","guid":{"rendered":"https:\/\/ambre.ms.decms.eu\/chambres\/"},"modified":"2023-03-30T11:43:46","modified_gmt":"2023-03-30T09:43:46","slug":"zimmer","status":"publish","type":"page","link":"https:\/\/hotelambreparis.com\/de\/zimmer\/","title":{"rendered":"Zimmer"},"content":{"rendered":"<p>Die klimatisierten Unterk\u00fcnfte (26 Zimmer) verf\u00fcgen \u00fcber ein extra langes Bett und ein Sofa. Das eigene Bad ist mit einem Haartrockner und kostenfreien Pflegeprodukten ausgestattet.<\/p>\n<p>Ein kontinentales Fr\u00fchst\u00fcck mit franz\u00f6sischem Geb\u00e4ck, Marmeladen und S\u00e4ften wird Ihnen in Ihrem schallisolierten Zimmer serviert.<\/p>\n","protected":false},"excerpt":{"rendered":"<p>Die klimatisierten Unterk\u00fcnfte (26 Zimmer) verf\u00fcgen \u00fcber ein extra langes Bett und ein Sofa. Das eigene Bad ist mit einem Haartrockner und kostenfreien Pflegeprodukten ausgestattet. Ein kontinentales Fr\u00fchst\u00fcck mit franz\u00f6sischem Geb\u00e4ck, Marmeladen und S\u00e4ften wird Ihnen in Ihrem schallisolierten Zimmer serviert.<\/p>\n","protected":false},"author":5,"featured_media":0,"parent":0,"menu_order":0,"comment_status":"closed","ping_status":"closed","template":"template-rooms.php","meta":{"footnotes":""},"class_list":["post-128","page","type-page","status-publish","hentry"],"yoast_head":"<!-- This site is optimized with the Yoast SEO plugin v26.9 - https:\/\/yoast.com\/product\/yoast-seo-wordpress\/ -->\n<title>Zimmer - Ambre Hotel<\/title>\n<meta name=\"description\" content=\"Die klimatisierten Unterk\u00fcnfte (26 Zimmer) verf\u00fcgen \u00fcber ein extra langes Bett und ein Sofa. Das eigene Bad ist mit einem Haartrockner und kostenfreien\" \/>\n<meta name=\"robots\" content=\"index, follow, max-snippet:-1, max-image-preview:large, max-video-preview:-1\" \/>\n<link rel=\"canonical\" href=\"https:\/\/hotelambreparis.com\/de\/zimmer\/\" \/>\n<meta property=\"og:locale\" content=\"de_DE\" \/>\n<meta property=\"og:type\" content=\"article\" \/>\n<meta property=\"og:title\" content=\"Zimmer - Ambre Hotel\" \/>\n<meta property=\"og:description\" content=\"Die klimatisierten Unterk\u00fcnfte (26 Zimmer) verf\u00fcgen \u00fcber ein extra langes Bett und ein Sofa. Das eigene Bad ist mit einem Haartrockner und kostenfreien\" \/>\n<meta property=\"og:url\" content=\"https:\/\/hotelambreparis.com\/de\/zimmer\/\" \/>\n<meta property=\"og:site_name\" content=\"Ambre Hotel\" \/>\n<meta property=\"article:modified_time\" content=\"2023-03-30T09:43:46+00:00\" \/>\n<meta name=\"twitter:card\" content=\"summary_large_image\" \/>\n<script type=\"application\/ld+json\" class=\"yoast-schema-graph\">{\"@context\":\"https:\/\/schema.org\",\"@graph\":[{\"@type\":\"WebPage\",\"@id\":\"https:\/\/hotelambreparis.com\/de\/zimmer\/\",\"url\":\"https:\/\/hotelambreparis.com\/de\/zimmer\/\",\"name\":\"Zimmer - Ambre Hotel\",\"isPartOf\":{\"@id\":\"https:\/\/hotelambreparis.com\/de\/#website\"},\"datePublished\":\"2022-06-01T14:55:03+00:00\",\"dateModified\":\"2023-03-30T09:43:46+00:00\",\"description\":\"Die klimatisierten Unterk\u00fcnfte (26 Zimmer) verf\u00fcgen \u00fcber ein extra langes Bett und ein Sofa. Das eigene Bad ist mit einem Haartrockner und kostenfreien\",\"breadcrumb\":{\"@id\":\"https:\/\/hotelambreparis.com\/de\/zimmer\/#breadcrumb\"},\"inLanguage\":\"de-DE\",\"potentialAction\":[{\"@type\":\"ReadAction\",\"target\":[\"https:\/\/hotelambreparis.com\/de\/zimmer\/\"]}]},{\"@type\":\"BreadcrumbList\",\"@id\":\"https:\/\/hotelambreparis.com\/de\/zimmer\/#breadcrumb\",\"itemListElement\":[{\"@type\":\"ListItem\",\"position\":1,\"name\":\"Accueil\",\"item\":\"https:\/\/hotelambreparis.com\/de\/\"},{\"@type\":\"ListItem\",\"position\":2,\"name\":\"Zimmer\"}]},{\"@type\":\"WebSite\",\"@id\":\"https:\/\/hotelambreparis.com\/de\/#website\",\"url\":\"https:\/\/hotelambreparis.com\/de\/\",\"name\":\"Ambre Hotel\",\"description\":\"Un site utilisant ms.decms.eu\",\"potentialAction\":[{\"@type\":\"SearchAction\",\"target\":{\"@type\":\"EntryPoint\",\"urlTemplate\":\"https:\/\/hotelambreparis.com\/de\/?s={search_term_string}\"},\"query-input\":{\"@type\":\"PropertyValueSpecification\",\"valueRequired\":true,\"valueName\":\"search_term_string\"}}],\"inLanguage\":\"de-DE\"}]}<\/script>\n<!-- \/ Yoast SEO plugin. -->","yoast_head_json":{"title":"Zimmer - Ambre Hotel","description":"Die klimatisierten Unterk\u00fcnfte (26 Zimmer) verf\u00fcgen \u00fcber ein extra langes Bett und ein Sofa. Das eigene Bad ist mit einem Haartrockner und kostenfreien","robots":{"index":"index","follow":"follow","max-snippet":"max-snippet:-1","max-image-preview":"max-image-preview:large","max-video-preview":"max-video-preview:-1"},"canonical":"https:\/\/hotelambreparis.com\/de\/zimmer\/","og_locale":"de_DE","og_type":"article","og_title":"Zimmer - Ambre Hotel","og_description":"Die klimatisierten Unterk\u00fcnfte (26 Zimmer) verf\u00fcgen \u00fcber ein extra langes Bett und ein Sofa. Das eigene Bad ist mit einem Haartrockner und kostenfreien","og_url":"https:\/\/hotelambreparis.com\/de\/zimmer\/","og_site_name":"Ambre Hotel","article_modified_time":"2023-03-30T09:43:46+00:00","twitter_card":"summary_large_image","schema":{"@context":"https:\/\/schema.org","@graph":[{"@type":"WebPage","@id":"https:\/\/hotelambreparis.com\/de\/zimmer\/","url":"https:\/\/hotelambreparis.com\/de\/zimmer\/","name":"Zimmer - Ambre Hotel","isPartOf":{"@id":"https:\/\/hotelambreparis.com\/de\/#website"},"datePublished":"2022-06-01T14:55:03+00:00","dateModified":"2023-03-30T09:43:46+00:00","description":"Die klimatisierten Unterk\u00fcnfte (26 Zimmer) verf\u00fcgen \u00fcber ein extra langes Bett und ein Sofa. Das eigene Bad ist mit einem Haartrockner und kostenfreien","breadcrumb":{"@id":"https:\/\/hotelambreparis.com\/de\/zimmer\/#breadcrumb"},"inLanguage":"de-DE","potentialAction":[{"@type":"ReadAction","target":["https:\/\/hotelambreparis.com\/de\/zimmer\/"]}]},{"@type":"BreadcrumbList","@id":"https:\/\/hotelambreparis.com\/de\/zimmer\/#breadcrumb","itemListElement":[{"@type":"ListItem","position":1,"name":"Accueil","item":"https:\/\/hotelambreparis.com\/de\/"},{"@type":"ListItem","position":2,"name":"Zimmer"}]},{"@type":"WebSite","@id":"https:\/\/hotelambreparis.com\/de\/#website","url":"https:\/\/hotelambreparis.com\/de\/","name":"Ambre Hotel","description":"Un site utilisant ms.decms.eu","potentialAction":[{"@type":"SearchAction","target":{"@type":"EntryPoint","urlTemplate":"https:\/\/hotelambreparis.com\/de\/?s={search_term_string}"},"query-input":{"@type":"PropertyValueSpecification","valueRequired":true,"valueName":"search_term_string"}}],"inLanguage":"de-DE"}]}},"acf":[],"_links":{"self":[{"href":"https:\/\/hotelambreparis.com\/de\/wp-json\/wp\/v2\/pages\/128","targetHints":{"allow":["GET"]}}],"collection":[{"href":"https:\/\/hotelambreparis.com\/de\/wp-json\/wp\/v2\/pages"}],"about":[{"href":"https:\/\/hotelambreparis.com\/de\/wp-json\/wp\/v2\/types\/page"}],"author":[{"embeddable":true,"href":"https:\/\/hotelambreparis.com\/de\/wp-json\/wp\/v2\/users\/5"}],"replies":[{"embeddable":true,"href":"https:\/\/hotelambreparis.com\/de\/wp-json\/wp\/v2\/comments?post=128"}],"version-history":[{"count":0,"href":"https:\/\/hotelambreparis.com\/de\/wp-json\/wp\/v2\/pages\/128\/revisions"}],"wp:attachment":[{"href":"https:\/\/hotelambreparis.com\/de\/wp-json\/wp\/v2\/media?parent=128"}],"curies":[{"name":"wp","href":"https:\/\/api.w.org\/{rel}","templated":true}]}}