{"id":122,"date":"2022-06-01T16:37:42","date_gmt":"2022-06-01T14:37:42","guid":{"rendered":"https:\/\/ambre.ms.decms.eu\/bienvenue-a-lhotel-ambre-paris\/"},"modified":"2023-04-07T14:26:18","modified_gmt":"2023-04-07T12:26:18","slug":"bienvenue-a-lhotel-ambre-paris","status":"publish","type":"page","link":"https:\/\/hotelambreparis.com\/de\/","title":{"rendered":"Willkommen im Hotel Ambre Paris"},"content":{"rendered":"<p style=\"text-align: center;\">Das Hotel Ambre empf\u00e4ngt Sie mit Klasse in diesem brandneuen Boutique-Hotel im 13. Arrondissement von Paris.<\/p>\n<p style=\"text-align: center;\">Das moderne Dekor, die sanfte Beleuchtung und das moderne Design verleihen Ihrem Aufenthalt einen Hauch von Subtilit\u00e4t und Komfort. Jedes Zimmer ist mit einer K\u00fcchenzeile ausgestattet, um mehr Unabh\u00e4ngigkeit zu bieten.<\/p>\n","protected":false},"excerpt":{"rendered":"<p>Das Hotel Ambre empf\u00e4ngt Sie mit Klasse in diesem brandneuen Boutique-Hotel im 13. Arrondissement von Paris. Das moderne Dekor, die sanfte Beleuchtung und das moderne Design verleihen Ihrem Aufenthalt einen Hauch von Subtilit\u00e4t und Komfort. Jedes Zimmer ist mit einer K\u00fcchenzeile ausgestattet, um mehr Unabh\u00e4ngigkeit zu bieten.<\/p>\n","protected":false},"author":5,"featured_media":0,"parent":0,"menu_order":0,"comment_status":"closed","ping_status":"closed","template":"","meta":{"footnotes":""},"class_list":["post-122","page","type-page","status-publish","hentry"],"yoast_head":"<!-- This site is optimized with the Yoast SEO plugin v26.9 - https:\/\/yoast.com\/product\/yoast-seo-wordpress\/ -->\n<title>Willkommen im Hotel Ambre Paris - Ambre Hotel<\/title>\n<meta name=\"description\" content=\"Das Hotel Ambre empf\u00e4ngt Sie mit Klasse in diesem brandneuen Boutique-Hotel im 13. Arrondissement von Paris. Das moderne Dekor, die sanfte Beleuchtung und\" \/>\n<meta name=\"robots\" content=\"index, follow, max-snippet:-1, max-image-preview:large, max-video-preview:-1\" \/>\n<link rel=\"canonical\" href=\"https:\/\/hotelambreparis.com\/de\/\" \/>\n<meta property=\"og:locale\" content=\"de_DE\" \/>\n<meta property=\"og:type\" content=\"article\" \/>\n<meta property=\"og:title\" content=\"Willkommen im Hotel Ambre Paris - Ambre Hotel\" \/>\n<meta property=\"og:description\" content=\"Das Hotel Ambre empf\u00e4ngt Sie mit Klasse in diesem brandneuen Boutique-Hotel im 13. Arrondissement von Paris. Das moderne Dekor, die sanfte Beleuchtung und\" \/>\n<meta property=\"og:url\" content=\"https:\/\/hotelambreparis.com\/de\/\" \/>\n<meta property=\"og:site_name\" content=\"Ambre Hotel\" \/>\n<meta property=\"article:modified_time\" content=\"2023-04-07T12:26:18+00:00\" \/>\n<meta name=\"twitter:card\" content=\"summary_large_image\" \/>\n<meta name=\"twitter:label1\" content=\"Gesch\u00e4tzte Lesezeit\" \/>\n\t<meta name=\"twitter:data1\" content=\"1 Minute\" \/>\n<script type=\"application\/ld+json\" class=\"yoast-schema-graph\">{\"@context\":\"https:\/\/schema.org\",\"@graph\":[{\"@type\":\"WebPage\",\"@id\":\"https:\/\/hotelambreparis.com\/de\/\",\"url\":\"https:\/\/hotelambreparis.com\/de\/\",\"name\":\"Willkommen im Hotel Ambre Paris - Ambre Hotel\",\"isPartOf\":{\"@id\":\"https:\/\/hotelambreparis.com\/de\/#website\"},\"datePublished\":\"2022-06-01T14:37:42+00:00\",\"dateModified\":\"2023-04-07T12:26:18+00:00\",\"description\":\"Das Hotel Ambre empf\u00e4ngt Sie mit Klasse in diesem brandneuen Boutique-Hotel im 13. Arrondissement von Paris. Das moderne Dekor, die sanfte Beleuchtung und\",\"breadcrumb\":{\"@id\":\"https:\/\/hotelambreparis.com\/de\/#breadcrumb\"},\"inLanguage\":\"de-DE\",\"potentialAction\":[{\"@type\":\"ReadAction\",\"target\":[\"https:\/\/hotelambreparis.com\/de\/\"]}]},{\"@type\":\"BreadcrumbList\",\"@id\":\"https:\/\/hotelambreparis.com\/de\/#breadcrumb\",\"itemListElement\":[{\"@type\":\"ListItem\",\"position\":1,\"name\":\"Accueil\",\"item\":\"https:\/\/hotelambreparis.com\/de\/\"},{\"@type\":\"ListItem\",\"position\":2,\"name\":\"Willkommen im Hotel Ambre Paris\"}]},{\"@type\":\"WebSite\",\"@id\":\"https:\/\/hotelambreparis.com\/de\/#website\",\"url\":\"https:\/\/hotelambreparis.com\/de\/\",\"name\":\"Ambre Hotel\",\"description\":\"Un site utilisant ms.decms.eu\",\"potentialAction\":[{\"@type\":\"SearchAction\",\"target\":{\"@type\":\"EntryPoint\",\"urlTemplate\":\"https:\/\/hotelambreparis.com\/de\/?s={search_term_string}\"},\"query-input\":{\"@type\":\"PropertyValueSpecification\",\"valueRequired\":true,\"valueName\":\"search_term_string\"}}],\"inLanguage\":\"de-DE\"}]}<\/script>\n<!-- \/ Yoast SEO plugin. -->","yoast_head_json":{"title":"Willkommen im Hotel Ambre Paris - Ambre Hotel","description":"Das Hotel Ambre empf\u00e4ngt Sie mit Klasse in diesem brandneuen Boutique-Hotel im 13. Arrondissement von Paris. Das moderne Dekor, die sanfte Beleuchtung und","robots":{"index":"index","follow":"follow","max-snippet":"max-snippet:-1","max-image-preview":"max-image-preview:large","max-video-preview":"max-video-preview:-1"},"canonical":"https:\/\/hotelambreparis.com\/de\/","og_locale":"de_DE","og_type":"article","og_title":"Willkommen im Hotel Ambre Paris - Ambre Hotel","og_description":"Das Hotel Ambre empf\u00e4ngt Sie mit Klasse in diesem brandneuen Boutique-Hotel im 13. Arrondissement von Paris. Das moderne Dekor, die sanfte Beleuchtung und","og_url":"https:\/\/hotelambreparis.com\/de\/","og_site_name":"Ambre Hotel","article_modified_time":"2023-04-07T12:26:18+00:00","twitter_card":"summary_large_image","twitter_misc":{"Gesch\u00e4tzte Lesezeit":"1 Minute"},"schema":{"@context":"https:\/\/schema.org","@graph":[{"@type":"WebPage","@id":"https:\/\/hotelambreparis.com\/de\/","url":"https:\/\/hotelambreparis.com\/de\/","name":"Willkommen im Hotel Ambre Paris - Ambre Hotel","isPartOf":{"@id":"https:\/\/hotelambreparis.com\/de\/#website"},"datePublished":"2022-06-01T14:37:42+00:00","dateModified":"2023-04-07T12:26:18+00:00","description":"Das Hotel Ambre empf\u00e4ngt Sie mit Klasse in diesem brandneuen Boutique-Hotel im 13. Arrondissement von Paris. Das moderne Dekor, die sanfte Beleuchtung und","breadcrumb":{"@id":"https:\/\/hotelambreparis.com\/de\/#breadcrumb"},"inLanguage":"de-DE","potentialAction":[{"@type":"ReadAction","target":["https:\/\/hotelambreparis.com\/de\/"]}]},{"@type":"BreadcrumbList","@id":"https:\/\/hotelambreparis.com\/de\/#breadcrumb","itemListElement":[{"@type":"ListItem","position":1,"name":"Accueil","item":"https:\/\/hotelambreparis.com\/de\/"},{"@type":"ListItem","position":2,"name":"Willkommen im Hotel Ambre Paris"}]},{"@type":"WebSite","@id":"https:\/\/hotelambreparis.com\/de\/#website","url":"https:\/\/hotelambreparis.com\/de\/","name":"Ambre Hotel","description":"Un site utilisant ms.decms.eu","potentialAction":[{"@type":"SearchAction","target":{"@type":"EntryPoint","urlTemplate":"https:\/\/hotelambreparis.com\/de\/?s={search_term_string}"},"query-input":{"@type":"PropertyValueSpecification","valueRequired":true,"valueName":"search_term_string"}}],"inLanguage":"de-DE"}]}},"acf":[],"_links":{"self":[{"href":"https:\/\/hotelambreparis.com\/de\/wp-json\/wp\/v2\/pages\/122","targetHints":{"allow":["GET"]}}],"collection":[{"href":"https:\/\/hotelambreparis.com\/de\/wp-json\/wp\/v2\/pages"}],"about":[{"href":"https:\/\/hotelambreparis.com\/de\/wp-json\/wp\/v2\/types\/page"}],"author":[{"embeddable":true,"href":"https:\/\/hotelambreparis.com\/de\/wp-json\/wp\/v2\/users\/5"}],"replies":[{"embeddable":true,"href":"https:\/\/hotelambreparis.com\/de\/wp-json\/wp\/v2\/comments?post=122"}],"version-history":[{"count":0,"href":"https:\/\/hotelambreparis.com\/de\/wp-json\/wp\/v2\/pages\/122\/revisions"}],"wp:attachment":[{"href":"https:\/\/hotelambreparis.com\/de\/wp-json\/wp\/v2\/media?parent=122"}],"curies":[{"name":"wp","href":"https:\/\/api.w.org\/{rel}","templated":true}]}}